{"id":3394,"date":"2023-05-31T10:16:23","date_gmt":"2023-05-31T14:16:23","guid":{"rendered":"https:\/\/pourvoirietawanipi.com\/fr\/?page_id=3394"},"modified":"2024-08-25T10:00:40","modified_gmt":"2024-08-25T14:00:40","slug":"roulottes","status":"publish","type":"page","link":"https:\/\/pourvoirietawanipi.com\/fr\/roulottes\/","title":{"rendered":"Roulottes"},"content":{"rendered":"\n\n\n\n<div class=\"wp-block-uagb-container uagb-block-fd16b3e3 default uagb-is-root-container\">\n<h2 class=\"wp-block-heading\">Roulottes<\/h2>\n<\/div>\n\n\n\n<div class=\"wp-block-uagb-container uagb-block-07cb6e16 default uagb-is-root-container\">\n<p>Nous offrons \u00e9galement \u00e0 la location une roulotte de 40\u2019 et une Fifth Wheel de 27\u2019. <br><\/p>\n\n\n\n<ul class=\"wp-block-list\">\n<li>La roulotte est install\u00e9e du c\u00f4t\u00e9 des chalets. Elle peut accueillir de 2 \u00e0 4 personnes. <\/li>\n\n\n\n<li>La Fifth Wheel est install\u00e9e du c\u00f4t\u00e9 du camping sur l\u2019emplacement #5. Elle peut accueillir 2 adultes + 2 jeunes enfants<\/li>\n<\/ul>\n\n\n\n<p>Roulotte et FW sont \u00e9quip\u00e9es comme les chalets, avec BBQ au propane, table de pique-nique et foyer ext\u00e9rieur. Les 2 poss\u00e8dent chauffage, climatisation, petite salle de bain avec toilette et lavabo.<\/p>\n\n\n\n<p><strong>Attention<\/strong>&nbsp;: les chiens ne sont pas autoris\u00e9s dans la roulotte ou la FW \u00e0 cause du tapis dans les chambres.<\/p>\n<\/div>\n\n\n\n<div class=\"wp-block-uagb-container uagb-block-e514d4ad default uagb-is-root-container\">\n<p>  Voici quelques photos pour la Fifth Wheel:<\/p>\n\n\n\n<figure class=\"wp-block-gallery has-nested-images columns-default is-cropped wp-block-gallery-1 is-layout-flex wp-block-gallery-is-layout-flex\">\n<figure class=\"wp-block-image size-large\"><img decoding=\"async\" width=\"800\" height=\"450\" data-id=\"3407\" data-src=\"https:\/\/pourvoirietawanipi.com\/fr\/wp-content\/uploads\/2023\/05\/FW-27-exterieur-1-800x450.jpg\" alt=\"\" class=\"wp-image-3407 lazyload\" data-srcset=\"https:\/\/pourvoirietawanipi.com\/fr\/wp-content\/uploads\/2023\/05\/FW-27-exterieur-1-800x450.jpg 800w, https:\/\/pourvoirietawanipi.com\/fr\/wp-content\/uploads\/2023\/05\/FW-27-exterieur-1-300x169.jpg 300w, https:\/\/pourvoirietawanipi.com\/fr\/wp-content\/uploads\/2023\/05\/FW-27-exterieur-1-768x432.jpg 768w, https:\/\/pourvoirietawanipi.com\/fr\/wp-content\/uploads\/2023\/05\/FW-27-exterieur-1-1536x864.jpg 1536w, https:\/\/pourvoirietawanipi.com\/fr\/wp-content\/uploads\/2023\/05\/FW-27-exterieur-1-2048x1152.jpg 2048w\" data-sizes=\"(max-width: 800px) 100vw, 800px\" src=\"data:image\/svg+xml;base64,PHN2ZyB3aWR0aD0iMSIgaGVpZ2h0PSIxIiB4bWxucz0iaHR0cDovL3d3dy53My5vcmcvMjAwMC9zdmciPjwvc3ZnPg==\" style=\"--smush-placeholder-width: 800px; --smush-placeholder-aspect-ratio: 800\/450;\" \/><\/figure>\n\n\n\n<figure class=\"wp-block-image size-large\"><img decoding=\"async\" width=\"800\" height=\"450\" data-id=\"3398\" data-src=\"https:\/\/pourvoirietawanipi.com\/fr\/wp-content\/uploads\/2023\/05\/FE-27-cuisine-chambre-au-fond-800x450.jpg\" alt=\"\" class=\"wp-image-3398 lazyload\" data-srcset=\"https:\/\/pourvoirietawanipi.com\/fr\/wp-content\/uploads\/2023\/05\/FE-27-cuisine-chambre-au-fond-800x450.jpg 800w, https:\/\/pourvoirietawanipi.com\/fr\/wp-content\/uploads\/2023\/05\/FE-27-cuisine-chambre-au-fond-300x169.jpg 300w, https:\/\/pourvoirietawanipi.com\/fr\/wp-content\/uploads\/2023\/05\/FE-27-cuisine-chambre-au-fond-768x432.jpg 768w, https:\/\/pourvoirietawanipi.com\/fr\/wp-content\/uploads\/2023\/05\/FE-27-cuisine-chambre-au-fond-1536x864.jpg 1536w, https:\/\/pourvoirietawanipi.com\/fr\/wp-content\/uploads\/2023\/05\/FE-27-cuisine-chambre-au-fond-2048x1152.jpg 2048w\" data-sizes=\"(max-width: 800px) 100vw, 800px\" src=\"data:image\/svg+xml;base64,PHN2ZyB3aWR0aD0iMSIgaGVpZ2h0PSIxIiB4bWxucz0iaHR0cDovL3d3dy53My5vcmcvMjAwMC9zdmciPjwvc3ZnPg==\" style=\"--smush-placeholder-width: 800px; --smush-placeholder-aspect-ratio: 800\/450;\" \/><\/figure>\n\n\n\n<figure class=\"wp-block-image size-large\"><img decoding=\"async\" width=\"800\" height=\"450\" data-id=\"3400\" data-src=\"https:\/\/pourvoirietawanipi.com\/fr\/wp-content\/uploads\/2023\/05\/FW-27-piece-princiaple-800x450.jpg\" alt=\"\" class=\"wp-image-3400 lazyload\" data-srcset=\"https:\/\/pourvoirietawanipi.com\/fr\/wp-content\/uploads\/2023\/05\/FW-27-piece-princiaple-800x450.jpg 800w, https:\/\/pourvoirietawanipi.com\/fr\/wp-content\/uploads\/2023\/05\/FW-27-piece-princiaple-300x169.jpg 300w, https:\/\/pourvoirietawanipi.com\/fr\/wp-content\/uploads\/2023\/05\/FW-27-piece-princiaple-768x432.jpg 768w, https:\/\/pourvoirietawanipi.com\/fr\/wp-content\/uploads\/2023\/05\/FW-27-piece-princiaple-1536x864.jpg 1536w, https:\/\/pourvoirietawanipi.com\/fr\/wp-content\/uploads\/2023\/05\/FW-27-piece-princiaple-2048x1152.jpg 2048w\" data-sizes=\"(max-width: 800px) 100vw, 800px\" src=\"data:image\/svg+xml;base64,PHN2ZyB3aWR0aD0iMSIgaGVpZ2h0PSIxIiB4bWxucz0iaHR0cDovL3d3dy53My5vcmcvMjAwMC9zdmciPjwvc3ZnPg==\" style=\"--smush-placeholder-width: 800px; --smush-placeholder-aspect-ratio: 800\/450;\" \/><\/figure>\n\n\n\n<figure class=\"wp-block-image size-large\"><img decoding=\"async\" width=\"450\" height=\"800\" data-id=\"3401\" data-src=\"https:\/\/pourvoirietawanipi.com\/fr\/wp-content\/uploads\/2023\/05\/FW-27-SdB-450x800.jpg\" alt=\"\" class=\"wp-image-3401 lazyload\" data-srcset=\"https:\/\/pourvoirietawanipi.com\/fr\/wp-content\/uploads\/2023\/05\/FW-27-SdB-450x800.jpg 450w, https:\/\/pourvoirietawanipi.com\/fr\/wp-content\/uploads\/2023\/05\/FW-27-SdB-169x300.jpg 169w, https:\/\/pourvoirietawanipi.com\/fr\/wp-content\/uploads\/2023\/05\/FW-27-SdB-768x1365.jpg 768w, https:\/\/pourvoirietawanipi.com\/fr\/wp-content\/uploads\/2023\/05\/FW-27-SdB-864x1536.jpg 864w, https:\/\/pourvoirietawanipi.com\/fr\/wp-content\/uploads\/2023\/05\/FW-27-SdB-1152x2048.jpg 1152w, https:\/\/pourvoirietawanipi.com\/fr\/wp-content\/uploads\/2023\/05\/FW-27-SdB-scaled.jpg 1440w\" data-sizes=\"(max-width: 450px) 100vw, 450px\" src=\"data:image\/svg+xml;base64,PHN2ZyB3aWR0aD0iMSIgaGVpZ2h0PSIxIiB4bWxucz0iaHR0cDovL3d3dy53My5vcmcvMjAwMC9zdmciPjwvc3ZnPg==\" style=\"--smush-placeholder-width: 450px; --smush-placeholder-aspect-ratio: 450\/800;\" \/><\/figure>\n\n\n\n<figure class=\"wp-block-image size-large\"><img decoding=\"async\" width=\"2560\" height=\"1440\" data-id=\"3408\" data-src=\"https:\/\/pourvoirietawanipi.com\/fr\/wp-content\/uploads\/2023\/05\/FW-27-Vue-vers-exterieur-scaled.jpg\" alt=\"\" class=\"wp-image-3408 lazyload\" src=\"data:image\/svg+xml;base64,PHN2ZyB3aWR0aD0iMSIgaGVpZ2h0PSIxIiB4bWxucz0iaHR0cDovL3d3dy53My5vcmcvMjAwMC9zdmciPjwvc3ZnPg==\" style=\"--smush-placeholder-width: 2560px; --smush-placeholder-aspect-ratio: 2560\/1440;\" \/><\/figure>\n<\/figure>\n<\/div>\n\n\n\n<div class=\"wp-block-uagb-container uagb-block-22efbd6d default uagb-is-root-container\">\n<p>Voici quelques photos pour la roulotte de 40 pieds:<\/p>\n\n\n\n<figure class=\"wp-block-gallery has-nested-images columns-default is-cropped wp-block-gallery-2 is-layout-flex wp-block-gallery-is-layout-flex\">\n<figure class=\"wp-block-image size-large\"><img decoding=\"async\" width=\"800\" height=\"450\" data-id=\"3405\" data-src=\"https:\/\/pourvoirietawanipi.com\/fr\/wp-content\/uploads\/2023\/05\/Roulotte-40-Vue-exterieur-800x450.jpg\" alt=\"\" class=\"wp-image-3405 lazyload\" data-srcset=\"https:\/\/pourvoirietawanipi.com\/fr\/wp-content\/uploads\/2023\/05\/Roulotte-40-Vue-exterieur-800x450.jpg 800w, https:\/\/pourvoirietawanipi.com\/fr\/wp-content\/uploads\/2023\/05\/Roulotte-40-Vue-exterieur-300x169.jpg 300w, https:\/\/pourvoirietawanipi.com\/fr\/wp-content\/uploads\/2023\/05\/Roulotte-40-Vue-exterieur-768x432.jpg 768w, https:\/\/pourvoirietawanipi.com\/fr\/wp-content\/uploads\/2023\/05\/Roulotte-40-Vue-exterieur-1536x864.jpg 1536w, https:\/\/pourvoirietawanipi.com\/fr\/wp-content\/uploads\/2023\/05\/Roulotte-40-Vue-exterieur-2048x1152.jpg 2048w\" data-sizes=\"(max-width: 800px) 100vw, 800px\" src=\"data:image\/svg+xml;base64,PHN2ZyB3aWR0aD0iMSIgaGVpZ2h0PSIxIiB4bWxucz0iaHR0cDovL3d3dy53My5vcmcvMjAwMC9zdmciPjwvc3ZnPg==\" style=\"--smush-placeholder-width: 800px; --smush-placeholder-aspect-ratio: 800\/450;\" \/><\/figure>\n\n\n\n<figure class=\"wp-block-image size-large\"><img decoding=\"async\" width=\"800\" height=\"450\" data-id=\"3404\" data-src=\"https:\/\/pourvoirietawanipi.com\/fr\/wp-content\/uploads\/2023\/05\/Roulotte-40-piece-principale-800x450.jpg\" alt=\"\" class=\"wp-image-3404 lazyload\" data-srcset=\"https:\/\/pourvoirietawanipi.com\/fr\/wp-content\/uploads\/2023\/05\/Roulotte-40-piece-principale-800x450.jpg 800w, https:\/\/pourvoirietawanipi.com\/fr\/wp-content\/uploads\/2023\/05\/Roulotte-40-piece-principale-300x169.jpg 300w, https:\/\/pourvoirietawanipi.com\/fr\/wp-content\/uploads\/2023\/05\/Roulotte-40-piece-principale-768x432.jpg 768w, https:\/\/pourvoirietawanipi.com\/fr\/wp-content\/uploads\/2023\/05\/Roulotte-40-piece-principale-1536x864.jpg 1536w, https:\/\/pourvoirietawanipi.com\/fr\/wp-content\/uploads\/2023\/05\/Roulotte-40-piece-principale-2048x1152.jpg 2048w\" data-sizes=\"(max-width: 800px) 100vw, 800px\" src=\"data:image\/svg+xml;base64,PHN2ZyB3aWR0aD0iMSIgaGVpZ2h0PSIxIiB4bWxucz0iaHR0cDovL3d3dy53My5vcmcvMjAwMC9zdmciPjwvc3ZnPg==\" style=\"--smush-placeholder-width: 800px; --smush-placeholder-aspect-ratio: 800\/450;\" \/><\/figure>\n\n\n\n<figure class=\"wp-block-image size-large\"><img decoding=\"async\" width=\"800\" height=\"450\" data-id=\"3403\" data-src=\"https:\/\/pourvoirietawanipi.com\/fr\/wp-content\/uploads\/2023\/05\/Roulotte-40-cuisine-futon-800x450.jpg\" alt=\"\" class=\"wp-image-3403 lazyload\" data-srcset=\"https:\/\/pourvoirietawanipi.com\/fr\/wp-content\/uploads\/2023\/05\/Roulotte-40-cuisine-futon-800x450.jpg 800w, https:\/\/pourvoirietawanipi.com\/fr\/wp-content\/uploads\/2023\/05\/Roulotte-40-cuisine-futon-300x169.jpg 300w, https:\/\/pourvoirietawanipi.com\/fr\/wp-content\/uploads\/2023\/05\/Roulotte-40-cuisine-futon-768x432.jpg 768w, https:\/\/pourvoirietawanipi.com\/fr\/wp-content\/uploads\/2023\/05\/Roulotte-40-cuisine-futon.jpg 1500w\" data-sizes=\"(max-width: 800px) 100vw, 800px\" src=\"data:image\/svg+xml;base64,PHN2ZyB3aWR0aD0iMSIgaGVpZ2h0PSIxIiB4bWxucz0iaHR0cDovL3d3dy53My5vcmcvMjAwMC9zdmciPjwvc3ZnPg==\" style=\"--smush-placeholder-width: 800px; --smush-placeholder-aspect-ratio: 800\/450;\" \/><\/figure>\n\n\n\n<figure class=\"wp-block-image size-large\"><img decoding=\"async\" width=\"800\" height=\"450\" data-id=\"3402\" data-src=\"https:\/\/pourvoirietawanipi.com\/fr\/wp-content\/uploads\/2023\/05\/Roulotte-40-chambre-fermee-800x450.jpg\" alt=\"\" class=\"wp-image-3402 lazyload\" data-srcset=\"https:\/\/pourvoirietawanipi.com\/fr\/wp-content\/uploads\/2023\/05\/Roulotte-40-chambre-fermee-800x450.jpg 800w, https:\/\/pourvoirietawanipi.com\/fr\/wp-content\/uploads\/2023\/05\/Roulotte-40-chambre-fermee-300x169.jpg 300w, https:\/\/pourvoirietawanipi.com\/fr\/wp-content\/uploads\/2023\/05\/Roulotte-40-chambre-fermee-768x432.jpg 768w, https:\/\/pourvoirietawanipi.com\/fr\/wp-content\/uploads\/2023\/05\/Roulotte-40-chambre-fermee-1536x864.jpg 1536w, https:\/\/pourvoirietawanipi.com\/fr\/wp-content\/uploads\/2023\/05\/Roulotte-40-chambre-fermee-2048x1152.jpg 2048w\" data-sizes=\"(max-width: 800px) 100vw, 800px\" src=\"data:image\/svg+xml;base64,PHN2ZyB3aWR0aD0iMSIgaGVpZ2h0PSIxIiB4bWxucz0iaHR0cDovL3d3dy53My5vcmcvMjAwMC9zdmciPjwvc3ZnPg==\" style=\"--smush-placeholder-width: 800px; --smush-placeholder-aspect-ratio: 800\/450;\" \/><\/figure>\n<\/figure>\n<\/div>\n","protected":false},"excerpt":{"rendered":"<p>Roulottes Nous offrons \u00e9galement \u00e0 la location une roulotte de 40\u2019 et une Fifth Wheel de 27\u2019. Roulotte et FW sont \u00e9quip\u00e9es comme les chalets, avec BBQ au propane, table de pique-nique et foyer ext\u00e9rieur. Les 2 poss\u00e8dent chauffage, climatisation, petite salle de bain avec toilette et lavabo. Attention&nbsp;: les chiens ne sont pas autoris\u00e9s [&hellip;]<\/p>\n","protected":false},"author":1,"featured_media":0,"parent":0,"menu_order":0,"comment_status":"closed","ping_status":"closed","template":"","meta":{"_uag_custom_page_level_css":"","site-sidebar-layout":"default","site-content-layout":"","ast-site-content-layout":"full-width-container","site-content-style":"default","site-sidebar-style":"default","ast-global-header-display":"","ast-banner-title-visibility":"","ast-main-header-display":"","ast-hfb-above-header-display":"","ast-hfb-below-header-display":"","ast-hfb-mobile-header-display":"","site-post-title":"disabled","ast-breadcrumbs-content":"","ast-featured-img":"","footer-sml-layout":"","ast-disable-related-posts":"","theme-transparent-header-meta":"","adv-header-id-meta":"","stick-header-meta":"","header-above-stick-meta":"","header-main-stick-meta":"","header-below-stick-meta":"","astra-migrate-meta-layouts":"set","ast-page-background-enabled":"default","ast-page-background-meta":{"desktop":{"background-color":"","background-image":"","background-repeat":"repeat","background-position":"center center","background-size":"auto","background-attachment":"scroll","background-type":"","background-media":"","overlay-type":"","overlay-color":"","overlay-opacity":"","overlay-gradient":""},"tablet":{"background-color":"","background-image":"","background-repeat":"repeat","background-position":"center center","background-size":"auto","background-attachment":"scroll","background-type":"","background-media":"","overlay-type":"","overlay-color":"","overlay-opacity":"","overlay-gradient":""},"mobile":{"background-color":"","background-image":"","background-repeat":"repeat","background-position":"center center","background-size":"auto","background-attachment":"scroll","background-type":"","background-media":"","overlay-type":"","overlay-color":"","overlay-opacity":"","overlay-gradient":""}},"ast-content-background-meta":{"desktop":{"background-color":"var(--ast-global-color-5)","background-image":"","background-repeat":"repeat","background-position":"center center","background-size":"auto","background-attachment":"scroll","background-type":"","background-media":"","overlay-type":"","overlay-color":"","overlay-opacity":"","overlay-gradient":""},"tablet":{"background-color":"var(--ast-global-color-5)","background-image":"","background-repeat":"repeat","background-position":"center center","background-size":"auto","background-attachment":"scroll","background-type":"","background-media":"","overlay-type":"","overlay-color":"","overlay-opacity":"","overlay-gradient":""},"mobile":{"background-color":"var(--ast-global-color-5)","background-image":"","background-repeat":"repeat","background-position":"center center","background-size":"auto","background-attachment":"scroll","background-type":"","background-media":"","overlay-type":"","overlay-color":"","overlay-opacity":"","overlay-gradient":""}},"ngg_post_thumbnail":0,"iawp_total_views":720,"footnotes":""},"class_list":["post-3394","page","type-page","status-publish","hentry"],"uagb_featured_image_src":{"full":false,"thumbnail":false,"medium":false,"medium_large":false,"large":false,"1536x1536":false,"2048x2048":false},"uagb_author_info":{"display_name":"admin","author_link":"https:\/\/pourvoirietawanipi.com\/fr\/author\/admin\/"},"uagb_comment_info":0,"uagb_excerpt":"Roulottes Nous offrons \u00e9galement \u00e0 la location une roulotte de 40\u2019 et une Fifth Wheel de 27\u2019. Roulotte et FW sont \u00e9quip\u00e9es comme les chalets, avec BBQ au propane, table de pique-nique et foyer ext\u00e9rieur. Les 2 poss\u00e8dent chauffage, climatisation, petite salle de bain avec toilette et lavabo. Attention&nbsp;: les chiens ne sont pas autoris\u00e9s&hellip;","_links":{"self":[{"href":"https:\/\/pourvoirietawanipi.com\/fr\/wp-json\/wp\/v2\/pages\/3394","targetHints":{"allow":["GET"]}}],"collection":[{"href":"https:\/\/pourvoirietawanipi.com\/fr\/wp-json\/wp\/v2\/pages"}],"about":[{"href":"https:\/\/pourvoirietawanipi.com\/fr\/wp-json\/wp\/v2\/types\/page"}],"author":[{"embeddable":true,"href":"https:\/\/pourvoirietawanipi.com\/fr\/wp-json\/wp\/v2\/users\/1"}],"replies":[{"embeddable":true,"href":"https:\/\/pourvoirietawanipi.com\/fr\/wp-json\/wp\/v2\/comments?post=3394"}],"version-history":[{"count":5,"href":"https:\/\/pourvoirietawanipi.com\/fr\/wp-json\/wp\/v2\/pages\/3394\/revisions"}],"predecessor-version":[{"id":3790,"href":"https:\/\/pourvoirietawanipi.com\/fr\/wp-json\/wp\/v2\/pages\/3394\/revisions\/3790"}],"wp:attachment":[{"href":"https:\/\/pourvoirietawanipi.com\/fr\/wp-json\/wp\/v2\/media?parent=3394"}],"curies":[{"name":"wp","href":"https:\/\/api.w.org\/{rel}","templated":true}]}}