{"id":580,"date":"2015-06-03T13:22:56","date_gmt":"2015-06-03T17:22:56","guid":{"rendered":"https:\/\/pourvoirietawanipi.com\/fr\/?page_id=580"},"modified":"2026-01-30T08:50:15","modified_gmt":"2026-01-30T13:50:15","slug":"tarifs","status":"publish","type":"page","link":"https:\/\/pourvoirietawanipi.com\/fr\/tarifs\/","title":{"rendered":"Tarifs"},"content":{"rendered":"<p style=\"margin: 0in; font-family: Calibri; font-size: 11.0pt;\"><\/p>\n\n\n<div class=\"wp-block-uagb-container uagb-block-6da2c3ef default uagb-is-root-container\">\n<h2 class=\"wp-block-heading\">Tarifs Saison 2026<\/h2>\n<\/div>\n\n\n\n<div class=\"wp-block-uagb-container uagb-block-c73ef0d7 default uagb-is-root-container\">\n<h2 class=\"wp-block-heading has-medium-font-size\" id=\"1-chalets-prix-par-personne-par-nuit-minimum-2-nuits\"><span style=\"text-decoration: underline;\">Chalets Prix par personne par nuit minimum 2 nuits<\/span><\/h2>\n\n\n\n<figure class=\"wp-block-table is-style-stripes\"><table class=\"has-background has-fixed-layout\" style=\"background-color:#a3c5d5\"><thead><tr><th> Occupation \/ P\u00e9riode <\/th><th class=\"has-text-align-center\" data-align=\"center\">\u00c9t\u00e9 (15 Mai au 12 Octobre)<\/th><\/tr><\/thead><tbody><tr><td>Occupation 2 ou 3<\/td><td class=\"has-text-align-center\" data-align=\"center\">$60.80<\/td><\/tr><tr><td>Occupation 4 ou +<\/td><td class=\"has-text-align-center\" data-align=\"center\">$53.80<\/td><\/tr><tr><td>Enfant de 10 ans et moins de 16 ans<\/td><td class=\"has-text-align-center\" data-align=\"center\">1\/2 tarif<\/td><\/tr><tr><td>Enfant de moins de 10 ans <\/td><td class=\"has-text-align-center\" data-align=\"center\">Gratuit<\/td><\/tr><tr><td>Chien (montant par s\u00e9jour)<\/td><td class=\"has-text-align-center\" data-align=\"center\">$20<\/td><\/tr><tr><td>Attention: les prix sont donn\u00e9s avant les taxes<\/td><td class=\"has-text-align-center\" data-align=\"center\"><\/td><\/tr><\/tbody><\/table><\/figure>\n<\/div>\n\n\n\n<div class=\"wp-block-uagb-container uagb-block-cab2923c default uagb-is-root-container\">\n<h2 class=\"wp-block-heading has-medium-font-size\" id=\"2-chalets-prix-par-chalet-par-semaine-7-nuits-\"><span style=\"text-decoration: underline;\"> Chalets Prix par chalet par semaine 7 nuits <\/span><\/h2>\n\n\n\n<figure class=\"wp-block-table is-style-stripes\"><table class=\"has-background has-fixed-layout\" style=\"background-color:#a3c5d5\"><thead><tr><th><strong>Occupation \/ P\u00e9riode<\/strong><\/th><th class=\"has-text-align-center\" data-align=\"center\">\u00c9t\u00e9 (15 Mai au 12 Octobre)<\/th><th class=\"has-text-align-center\" data-align=\"center\"><span style=\"text-decoration: underline;\">Sp\u00e9cial<\/span> incluant h\u00e9bergement + chaloupe + moteur 9.9hp (24 Ao\u00fbt au 12 Octobre)<\/th><\/tr><\/thead><tbody><tr><td>Chalet 2 personnes<\/td><td class=\"has-text-align-center\" data-align=\"center\">$690<\/td><td class=\"has-text-align-center\" data-align=\"center\">$870<\/td><\/tr><tr><td>Chalet 4 persones<\/td><td class=\"has-text-align-center\" data-align=\"center\">$1150<\/td><td class=\"has-text-align-center\" data-align=\"center\">$1320<\/td><\/tr><tr><td>Chalet 6 personnes<\/td><td class=\"has-text-align-center\" data-align=\"center\">$1590<\/td><td class=\"has-text-align-center\" data-align=\"center\">$1670<\/td><\/tr><tr><td>Chalet 8 personnes <\/td><td class=\"has-text-align-center\" data-align=\"center\">$1980<\/td><td class=\"has-text-align-center\" data-align=\"center\">$1980<\/td><\/tr><tr><td>Personne additionnelle<\/td><td class=\"has-text-align-center\" data-align=\"center\">$170<\/td><td class=\"has-text-align-center\" data-align=\"center\">$170<\/td><\/tr><tr><td>Chien (par s\u00e9jour)<\/td><td class=\"has-text-align-center\" data-align=\"center\">$20<\/td><td class=\"has-text-align-center\" data-align=\"center\">$20<\/td><\/tr><tr><td>Roulotte 27&prime; 1 ou 2 personnes $121.60 \/nuit<\/td><td class=\"has-text-align-center\" data-align=\"center\">$690<\/td><td class=\"has-text-align-center\" data-align=\"center\"><\/td><\/tr><tr><td>Roulotte 40&prime; 2 personnes $121.60 \/nuit<\/td><td class=\"has-text-align-center\" data-align=\"center\">$690<\/td><td class=\"has-text-align-center\" data-align=\"center\"><\/td><\/tr><tr><td>Roulotte 40&prime; 4 personnes $200.00\/nuit<\/td><td class=\"has-text-align-center\" data-align=\"center\">$1150<\/td><td class=\"has-text-align-center\" data-align=\"center\"><\/td><\/tr><tr><td> Attention: les prix sont donn\u00e9s avant les taxes <\/td><td class=\"has-text-align-center\" data-align=\"center\"><\/td><td class=\"has-text-align-center\" data-align=\"center\"><\/td><\/tr><\/tbody><\/table><\/figure>\n<\/div>\n\n\n\n<div class=\"wp-block-uagb-container uagb-block-da682b7e default uagb-is-root-container\">\n<h2 class=\"wp-block-heading has-medium-font-size\" id=\"3-camping\"><span style=\"text-decoration: underline;\">Camping<\/span><\/h2>\n\n\n\n<figure class=\"wp-block-table is-style-stripes\"><table class=\"has-background\" style=\"background-color:#a3c5d5\"><thead><tr><th class=\"has-text-align-left\" data-align=\"left\">Saisonnier<\/th><th class=\"has-text-align-center\" data-align=\"center\">De $1670 &#8211; $1800 &#8211; $2060 selon l&#8217;emplacement<\/th><\/tr><\/thead><\/table><\/figure>\n\n\n\n<figure class=\"wp-block-table is-style-stripes\"><table class=\"has-background\" style=\"background-color:#a3c5d5\"><thead><tr><th class=\"has-text-align-left\" data-align=\"left\">P\u00e9riode \/ Type d&#8217;emplacement<\/th><th class=\"has-text-align-center\" data-align=\"center\">Sauvage<\/th><th class=\"has-text-align-center\" data-align=\"center\">Tente <br> (\u00e9lectricit\u00e9 + eau)<\/th><th class=\"has-text-align-center\" data-align=\"center\">2 services <br>(\u00e9lectricit\u00e9 + eau)<\/th><th class=\"has-text-align-center\" data-align=\"center\">2 ou 3 services +<br> 30 Amp\u00e8res<\/th><\/tr><\/thead><tbody><tr><td class=\"has-text-align-left\" data-align=\"left\">Emplacement par nuit avec maxi 4 pers <br>(2 ad + 2 enf)  1 installation + 1 v\u00e9hicule<\/td><td class=\"has-text-align-center\" data-align=\"center\">&#8211;<\/td><td class=\"has-text-align-center\" data-align=\"center\">$39<\/td><td class=\"has-text-align-center\" data-align=\"center\">$45<\/td><td class=\"has-text-align-center\" data-align=\"center\">$55.50<\/td><\/tr><tr><td class=\"has-text-align-left\" data-align=\"left\"> Emplacement par semaine avec maxi 4 pers. <br>(2 ad + 2 enf) + 1 installation + 1 v\u00e9hicule <\/td><td class=\"has-text-align-center\" data-align=\"center\">&#8211;<\/td><td class=\"has-text-align-center\" data-align=\"center\">$235<\/td><td class=\"has-text-align-center\" data-align=\"center\">$265<\/td><td class=\"has-text-align-center\" data-align=\"center\">$335<\/td><\/tr><tr><td class=\"has-text-align-left\" data-align=\"left\">Personne additionnelle (adulte ou enfant)<\/td><td class=\"has-text-align-center\" data-align=\"center\">$10 par nuit<\/td><td class=\"has-text-align-center\" data-align=\"center\"><\/td><td class=\"has-text-align-center\" data-align=\"center\"><\/td><td class=\"has-text-align-center\" data-align=\"center\"><\/td><\/tr><tr><td class=\"has-text-align-left\" data-align=\"left\">Attention: Les prix sont donn\u00e9s avant les taxes<\/td><td class=\"has-text-align-center\" data-align=\"center\"><\/td><td class=\"has-text-align-center\" data-align=\"center\"><\/td><td class=\"has-text-align-center\" data-align=\"center\"><\/td><td class=\"has-text-align-center\" data-align=\"center\"><\/td><\/tr><\/tbody><\/table><\/figure>\n<\/div>\n\n\n\n<div class=\"wp-block-uagb-container uagb-block-0e4b08a4 default uagb-is-root-container\">\n<h2 class=\"wp-block-heading has-medium-font-size\" id=\"4-embarcations\"><span style=\"text-decoration: underline;\">Embarcations<\/span><\/h2>\n\n\n\n<figure class=\"wp-block-table is-style-stripes\"><table class=\"has-background has-fixed-layout\" style=\"background-color:#a3c5d5\"><thead><tr><th>Type d&#8217;embarcation<\/th><th class=\"has-text-align-center\" data-align=\"center\">Prix 1\/2 journ\u00e9e<\/th><th class=\"has-text-align-center\" data-align=\"center\">Prix par jour<\/th><th class=\"has-text-align-center\" data-align=\"center\">Prix par semaine<\/th><\/tr><\/thead><tbody><tr><td>Chaloupe seule<\/td><td class=\"has-text-align-center\" data-align=\"center\">&#8211;<\/td><td class=\"has-text-align-center\" data-align=\"center\">&#8211;<\/td><td class=\"has-text-align-center\" data-align=\"center\">&#8211;<\/td><\/tr><tr><td>Chaloupe + moteur 9.9 hp<\/td><td class=\"has-text-align-center\" data-align=\"center\">&#8211;<\/td><td class=\"has-text-align-center\" data-align=\"center\">$73<\/td><td class=\"has-text-align-center\" data-align=\"center\">$360<\/td><\/tr><tr><td>Chaloupe + moteur 15 hp <\/td><td class=\"has-text-align-center\" data-align=\"center\">&#8211;<\/td><td class=\"has-text-align-center\" data-align=\"center\">$81<\/td><td class=\"has-text-align-center\" data-align=\"center\">$400<\/td><\/tr><tr><td>Chaloupe 16&prime; + moteur 50hp 4tps<\/td><td class=\"has-text-align-center\" data-align=\"center\"><\/td><td class=\"has-text-align-center\" data-align=\"center\">$158<\/td><td class=\"has-text-align-center\" data-align=\"center\">$850<\/td><\/tr><tr><td>Ponton 24 pieds + moteur 70 hp 4tps<\/td><td class=\"has-text-align-center\" data-align=\"center\">$210 \u00e0 $310<\/td><td class=\"has-text-align-center\" data-align=\"center\">$347<\/td><td class=\"has-text-align-center\" data-align=\"center\">$1910<\/td><\/tr><tr><td>Cano\u00eb \/ Kayak<\/td><td class=\"has-text-align-center\" data-align=\"center\">$15<\/td><td class=\"has-text-align-center\" data-align=\"center\">$25<\/td><td class=\"has-text-align-center\" data-align=\"center\">$125<\/td><\/tr><tr><td>Catamaran<\/td><td class=\"has-text-align-center\" data-align=\"center\">$20\/hr<\/td><td class=\"has-text-align-center\" data-align=\"center\">&#8211;<\/td><td class=\"has-text-align-center\" data-align=\"center\">&#8211;<\/td><\/tr><tr><td>Place \u00e0 quai et mise \u00e0 l&rsquo;eau<\/td><td class=\"has-text-align-center\" data-align=\"center\">&#8211;<\/td><td class=\"has-text-align-center\" data-align=\"center\">$10 \u00e0 $20<\/td><td class=\"has-text-align-center\" data-align=\"center\">$60 \u00e0 120<\/td><\/tr><tr><td>Location de sondeurs<\/td><td class=\"has-text-align-center\" data-align=\"center\">&#8211;<\/td><td class=\"has-text-align-center\" data-align=\"center\">$13<\/td><td class=\"has-text-align-center\" data-align=\"center\">$50<\/td><\/tr><tr><td>Attention: les prix sont donn\u00e9s avant les taxes<\/td><td class=\"has-text-align-center\" data-align=\"center\"><\/td><td class=\"has-text-align-center\" data-align=\"center\"><\/td><td class=\"has-text-align-center\" data-align=\"center\"><\/td><\/tr><\/tbody><\/table><\/figure>\n\n\n\n<p>Une caution sera demand\u00e9e pour la location de la chaloupe de 16 pieds ou du ponton: $1800<\/p>\n<\/div>\n\n\n\n<p><\/p>\n","protected":false},"excerpt":{"rendered":"<p>Tarifs Saison 2026 Chalets Prix par personne par nuit minimum 2 nuits Occupation \/ P\u00e9riode \u00c9t\u00e9 (15 Mai au 12 Octobre) Occupation 2 ou 3 $60.80 Occupation 4 ou + $53.80 Enfant de 10 ans et moins de 16 ans 1\/2 tarif Enfant de moins de 10 ans Gratuit Chien (montant par s\u00e9jour) $20 Attention: [&hellip;]<\/p>\n","protected":false},"author":1,"featured_media":0,"parent":0,"menu_order":0,"comment_status":"closed","ping_status":"closed","template":"","meta":{"_uag_custom_page_level_css":"","site-sidebar-layout":"default","site-content-layout":"","ast-site-content-layout":"full-width-container","site-content-style":"default","site-sidebar-style":"default","ast-global-header-display":"","ast-banner-title-visibility":"","ast-main-header-display":"","ast-hfb-above-header-display":"","ast-hfb-below-header-display":"","ast-hfb-mobile-header-display":"","site-post-title":"disabled","ast-breadcrumbs-content":"","ast-featured-img":"","footer-sml-layout":"","ast-disable-related-posts":"","theme-transparent-header-meta":"","adv-header-id-meta":"","stick-header-meta":"","header-above-stick-meta":"","header-main-stick-meta":"","header-below-stick-meta":"","astra-migrate-meta-layouts":"set","ast-page-background-enabled":"default","ast-page-background-meta":{"desktop":{"background-color":"","background-image":"","background-repeat":"repeat","background-position":"center center","background-size":"auto","background-attachment":"scroll","background-type":"","background-media":"","overlay-type":"","overlay-color":"","overlay-opacity":"","overlay-gradient":""},"tablet":{"background-color":"","background-image":"","background-repeat":"repeat","background-position":"center center","background-size":"auto","background-attachment":"scroll","background-type":"","background-media":"","overlay-type":"","overlay-color":"","overlay-opacity":"","overlay-gradient":""},"mobile":{"background-color":"","background-image":"","background-repeat":"repeat","background-position":"center center","background-size":"auto","background-attachment":"scroll","background-type":"","background-media":"","overlay-type":"","overlay-color":"","overlay-opacity":"","overlay-gradient":""}},"ast-content-background-meta":{"desktop":{"background-color":"var(--ast-global-color-5)","background-image":"","background-repeat":"repeat","background-position":"center center","background-size":"auto","background-attachment":"scroll","background-type":"","background-media":"","overlay-type":"","overlay-color":"","overlay-opacity":"","overlay-gradient":""},"tablet":{"background-color":"var(--ast-global-color-5)","background-image":"","background-repeat":"repeat","background-position":"center center","background-size":"auto","background-attachment":"scroll","background-type":"","background-media":"","overlay-type":"","overlay-color":"","overlay-opacity":"","overlay-gradient":""},"mobile":{"background-color":"var(--ast-global-color-5)","background-image":"","background-repeat":"repeat","background-position":"center center","background-size":"auto","background-attachment":"scroll","background-type":"","background-media":"","overlay-type":"","overlay-color":"","overlay-opacity":"","overlay-gradient":""}},"ngg_post_thumbnail":0,"iawp_total_views":6944,"footnotes":""},"class_list":["post-580","page","type-page","status-publish","hentry"],"uagb_featured_image_src":{"full":false,"thumbnail":false,"medium":false,"medium_large":false,"large":false,"1536x1536":false,"2048x2048":false},"uagb_author_info":{"display_name":"admin","author_link":"https:\/\/pourvoirietawanipi.com\/fr\/author\/admin\/"},"uagb_comment_info":0,"uagb_excerpt":"Tarifs Saison 2026 Chalets Prix par personne par nuit minimum 2 nuits Occupation \/ P\u00e9riode \u00c9t\u00e9 (15 Mai au 12 Octobre) Occupation 2 ou 3 $60.80 Occupation 4 ou + $53.80 Enfant de 10 ans et moins de 16 ans 1\/2 tarif Enfant de moins de 10 ans Gratuit Chien (montant par s\u00e9jour) $20 Attention:&hellip;","_links":{"self":[{"href":"https:\/\/pourvoirietawanipi.com\/fr\/wp-json\/wp\/v2\/pages\/580","targetHints":{"allow":["GET"]}}],"collection":[{"href":"https:\/\/pourvoirietawanipi.com\/fr\/wp-json\/wp\/v2\/pages"}],"about":[{"href":"https:\/\/pourvoirietawanipi.com\/fr\/wp-json\/wp\/v2\/types\/page"}],"author":[{"embeddable":true,"href":"https:\/\/pourvoirietawanipi.com\/fr\/wp-json\/wp\/v2\/users\/1"}],"replies":[{"embeddable":true,"href":"https:\/\/pourvoirietawanipi.com\/fr\/wp-json\/wp\/v2\/comments?post=580"}],"version-history":[{"count":9,"href":"https:\/\/pourvoirietawanipi.com\/fr\/wp-json\/wp\/v2\/pages\/580\/revisions"}],"predecessor-version":[{"id":3870,"href":"https:\/\/pourvoirietawanipi.com\/fr\/wp-json\/wp\/v2\/pages\/580\/revisions\/3870"}],"wp:attachment":[{"href":"https:\/\/pourvoirietawanipi.com\/fr\/wp-json\/wp\/v2\/media?parent=580"}],"curies":[{"name":"wp","href":"https:\/\/api.w.org\/{rel}","templated":true}]}}