{"id":593,"date":"2015-06-04T15:57:20","date_gmt":"2015-06-04T19:57:20","guid":{"rendered":"https:\/\/pourvoirietawanipi.com\/fr\/?page_id=593"},"modified":"2025-03-02T12:21:20","modified_gmt":"2025-03-02T17:21:20","slug":"reservations","status":"publish","type":"page","link":"https:\/\/pourvoirietawanipi.com\/fr\/reservations\/","title":{"rendered":"R\u00e9servations"},"content":{"rendered":"\n\n\n<div class=\"wp-block-uagb-container uagb-block-8baab46b default uagb-is-root-container\">\n<h2 class=\"wp-block-heading\">R\u00e9servations  <\/h2>\n<\/div>\n\n\n\n<div class=\"wp-block-uagb-container uagb-block-3082b06b default uagb-is-root-container\">\n<p>Veuillez compl\u00e9ter les information suivantes pour faire une demande de r\u00e9servation. Nous vous contacterons pour confirmer la r\u00e9servation.<br><br>* indique un champ obligatoire<\/p>\n<\/div>\n\n\n\n<div class=\"wp-block-uagb-container uagb-block-4e9f29be default uagb-is-root-container\"><div class=\"wpforms-container wpforms-container-full wpforms-block wpforms-block-899ea25e-5ac7-46c3-a00e-580f5acb5e38\" id=\"wpforms-2617\"><form id=\"wpforms-form-2617\" class=\"wpforms-validate wpforms-form\" data-formid=\"2617\" method=\"post\" enctype=\"multipart\/form-data\" action=\"\/fr\/wp-json\/wp\/v2\/pages\/593\" data-token=\"27ef0cafa938bcb5096b022a717444e8\" data-token-time=\"1776399151\"><noscript class=\"wpforms-error-noscript\">Please enable JavaScript in your browser to complete this form.<\/noscript><div class=\"wpforms-field-container\"><div id=\"wpforms-2617-field_1-container\" class=\"wpforms-field wpforms-field-text wpforms-one-half wpforms-first\" data-field-id=\"1\"><label class=\"wpforms-field-label\" for=\"wpforms-2617-field_1\">Pr\u00e9nom <span class=\"wpforms-required-label\">*<\/span><\/label><input type=\"text\" id=\"wpforms-2617-field_1\" class=\"wpforms-field-medium wpforms-field-required\" name=\"wpforms[fields][1]\" required><\/div><div id=\"wpforms-2617-field_2-container\" class=\"wpforms-field wpforms-field-text wpforms-one-half\" data-field-id=\"2\"><label class=\"wpforms-field-label\" for=\"wpforms-2617-field_2\">Nom <span class=\"wpforms-required-label\">*<\/span><\/label><input type=\"text\" id=\"wpforms-2617-field_2\" class=\"wpforms-field-medium wpforms-field-required\" name=\"wpforms[fields][2]\" required><\/div><div id=\"wpforms-2617-field_3-container\" class=\"wpforms-field wpforms-field-text wpforms-one-third wpforms-first wpforms-one-fourth\" data-field-id=\"3\"><label class=\"wpforms-field-label\" for=\"wpforms-2617-field_3\">Adresse <span class=\"wpforms-required-label\">*<\/span><\/label><input type=\"text\" id=\"wpforms-2617-field_3\" class=\"wpforms-field-medium wpforms-field-required\" name=\"wpforms[fields][3]\" required><div class=\"wpforms-field-description\">Num\u00e9ro, rue, Appartement<\/div><\/div><div id=\"wpforms-2617-field_4-container\" class=\"wpforms-field wpforms-field-text wpforms-one-third wpforms-one-fourth\" data-field-id=\"4\"><label class=\"wpforms-field-label\" for=\"wpforms-2617-field_4\">Ville <span class=\"wpforms-required-label\">*<\/span><\/label><input type=\"text\" id=\"wpforms-2617-field_4\" class=\"wpforms-field-medium wpforms-field-required\" name=\"wpforms[fields][4]\" required><\/div><div id=\"wpforms-2617-field_5-container\" class=\"wpforms-field wpforms-field-text wpforms-one-third wpforms-one-fourth\" data-field-id=\"5\"><label class=\"wpforms-field-label\" for=\"wpforms-2617-field_5\">Province<\/label><input type=\"text\" id=\"wpforms-2617-field_5\" class=\"wpforms-field-medium\" name=\"wpforms[fields][5]\" ><\/div><div id=\"wpforms-2617-field_6-container\" class=\"wpforms-field wpforms-field-text wpforms-one-fourth\" data-field-id=\"6\"><label class=\"wpforms-field-label\" for=\"wpforms-2617-field_6\">Code Postal<\/label><input type=\"text\" id=\"wpforms-2617-field_6\" class=\"wpforms-field-medium\" name=\"wpforms[fields][6]\" ><\/div><div id=\"wpforms-2617-field_7-container\" class=\"wpforms-field wpforms-field-email\" data-field-id=\"7\"><label class=\"wpforms-field-label\" for=\"wpforms-2617-field_7\">Courriel <span class=\"wpforms-required-label\">*<\/span><\/label><div class=\"wpforms-field-row wpforms-field-medium\"><div class=\"wpforms-field-row-block wpforms-one-half wpforms-first\"><input type=\"email\" id=\"wpforms-2617-field_7\" class=\"wpforms-field-required wpforms-field-email-primary\" name=\"wpforms[fields][7][primary]\" placeholder=\"Courriel\" spellcheck=\"false\" required><label for=\"wpforms-2617-field_7\" class=\"wpforms-field-sublabel after wpforms-sublabel-hide\">Email<\/label><\/div><div class=\"wpforms-field-row-block wpforms-one-half\"><input type=\"email\" id=\"wpforms-2617-field_7-secondary\" class=\"wpforms-field-email-secondary wpforms-field-required\" data-rule-confirm=\"#wpforms-2617-field_7\" name=\"wpforms[fields][7][secondary]\" placeholder=\"Confirmer Courriel\" spellcheck=\"false\" required><label for=\"wpforms-2617-field_7-secondary\" class=\"wpforms-field-sublabel after wpforms-sublabel-hide\">Confirm Email<\/label><\/div><\/div><\/div><div id=\"wpforms-2617-field_8-container\" class=\"wpforms-field wpforms-field-text wpforms-one-half wpforms-first\" data-field-id=\"8\"><label class=\"wpforms-field-label\" for=\"wpforms-2617-field_8\">T\u00e9l\u00e9phone (jour) <span class=\"wpforms-required-label\">*<\/span><\/label><input type=\"text\" id=\"wpforms-2617-field_8\" class=\"wpforms-field-small wpforms-field-required\" name=\"wpforms[fields][8]\" placeholder=\"123-123-1234\" required><\/div><div id=\"wpforms-2617-field_9-container\" class=\"wpforms-field wpforms-field-text wpforms-one-half\" data-field-id=\"9\"><label class=\"wpforms-field-label\" for=\"wpforms-2617-field_9\">T\u00e9l\u00e9phone (soir) <span class=\"wpforms-required-label\">*<\/span><\/label><input type=\"text\" id=\"wpforms-2617-field_9\" class=\"wpforms-field-small wpforms-field-required\" name=\"wpforms[fields][9]\" placeholder=\"123-123-1234\" required><\/div><div id=\"wpforms-2617-field_11-container\" class=\"wpforms-field wpforms-field-number wpforms-one-half wpforms-first\" data-field-id=\"11\"><label class=\"wpforms-field-label\" for=\"wpforms-2617-field_11\">Nombres d&#039;adultes <span class=\"wpforms-required-label\">*<\/span><\/label><input type=\"number\" id=\"wpforms-2617-field_11\" class=\"wpforms-field-small wpforms-field-required\" name=\"wpforms[fields][11]\" value=\"0\" step=\"any\" required><\/div><div id=\"wpforms-2617-field_12-container\" class=\"wpforms-field wpforms-field-number wpforms-one-half\" data-field-id=\"12\"><label class=\"wpforms-field-label\" for=\"wpforms-2617-field_12\">Nombre d&#039;enfants <span class=\"wpforms-required-label\">*<\/span><\/label><input type=\"number\" id=\"wpforms-2617-field_12\" class=\"wpforms-field-small wpforms-field-required\" name=\"wpforms[fields][12]\" value=\"0\" step=\"any\" required><\/div><div id=\"wpforms-2617-field_13-container\" class=\"wpforms-field wpforms-field-checkbox wpforms-list-inline\" data-field-id=\"13\"><label class=\"wpforms-field-label\">Items \u00e0 r\u00e9server <span class=\"wpforms-required-label\">*<\/span><\/label><ul id=\"wpforms-2617-field_13\" class=\"wpforms-field-required\" data-choice-limit=\"3\"><li class=\"choice-1 depth-1\"><input type=\"checkbox\" id=\"wpforms-2617-field_13_1\" data-rule-check-limit=\"true\" name=\"wpforms[fields][13][]\" value=\"Chalet\" required ><label class=\"wpforms-field-label-inline\" for=\"wpforms-2617-field_13_1\">Chalet<\/label><\/li><li class=\"choice-2 depth-1\"><input type=\"checkbox\" id=\"wpforms-2617-field_13_2\" data-rule-check-limit=\"true\" name=\"wpforms[fields][13][]\" value=\"Camping\" required ><label class=\"wpforms-field-label-inline\" for=\"wpforms-2617-field_13_2\">Camping<\/label><\/li><li class=\"choice-3 depth-1\"><input type=\"checkbox\" id=\"wpforms-2617-field_13_3\" data-rule-check-limit=\"true\" name=\"wpforms[fields][13][]\" value=\"Chaloupe\" required ><label class=\"wpforms-field-label-inline\" for=\"wpforms-2617-field_13_3\">Chaloupe<\/label><\/li><li class=\"choice-4 depth-1\"><input type=\"checkbox\" id=\"wpforms-2617-field_13_4\" data-rule-check-limit=\"true\" name=\"wpforms[fields][13][]\" value=\"Moteur 9.9 Hp\" required ><label class=\"wpforms-field-label-inline\" for=\"wpforms-2617-field_13_4\">Moteur 9.9 Hp<\/label><\/li><li class=\"choice-5 depth-1\"><input type=\"checkbox\" id=\"wpforms-2617-field_13_5\" data-rule-check-limit=\"true\" name=\"wpforms[fields][13][]\" value=\"Moteur 15 Hp\" required ><label class=\"wpforms-field-label-inline\" for=\"wpforms-2617-field_13_5\">Moteur 15 Hp<\/label><\/li><\/ul><div class=\"wpforms-field-description\">S\u00e9lectionner les items \u00e0 r\u00e9server (maximum 3)<\/div><\/div><div id=\"wpforms-2617-field_15-container\" class=\"wpforms-field wpforms-field-text wpforms-one-half wpforms-first\" data-field-id=\"15\"><label class=\"wpforms-field-label\" for=\"wpforms-2617-field_15\">Date d&#039;arriv\u00e9e <span class=\"wpforms-required-label\">*<\/span><\/label><input type=\"text\" id=\"wpforms-2617-field_15\" class=\"wpforms-field-small wpforms-field-required\" name=\"wpforms[fields][15]\" placeholder=\"jj\/mm\/aaaa\" required><div class=\"wpforms-field-description\">Format jj\/mm\/aaaa<\/div><\/div><div id=\"wpforms-2617-field_16-container\" class=\"wpforms-field wpforms-field-text wpforms-one-half\" data-field-id=\"16\"><label class=\"wpforms-field-label\" for=\"wpforms-2617-field_16\">Date de d\u00e9part <span class=\"wpforms-required-label\">*<\/span><\/label><input type=\"text\" id=\"wpforms-2617-field_16\" class=\"wpforms-field-small wpforms-field-required\" name=\"wpforms[fields][16]\" placeholder=\"jj\/mm\/aaaa\" required><div class=\"wpforms-field-description\">Format jj\/mm\/aaaa<\/div><\/div><div id=\"wpforms-2617-field_14-container\" class=\"wpforms-field wpforms-field-textarea\" data-field-id=\"14\"><label class=\"wpforms-field-label\" for=\"wpforms-2617-field_14\">Commentaires<\/label><textarea id=\"wpforms-2617-field_14\" class=\"wpforms-field-medium\" name=\"wpforms[fields][14]\" ><\/textarea><\/div><\/div><!-- .wpforms-field-container --><div class=\"wpforms-submit-container\" ><input type=\"hidden\" name=\"wpforms[id]\" value=\"2617\"><input type=\"hidden\" name=\"page_title\" value=\"\"><input type=\"hidden\" name=\"page_url\" value=\"https:\/\/pourvoirietawanipi.com\/fr\/wp-json\/wp\/v2\/pages\/593\"><input type=\"hidden\" name=\"url_referer\" value=\"\"><button type=\"submit\" name=\"wpforms[submit]\" id=\"wpforms-submit-2617\" class=\"wpforms-submit\" data-alt-text=\"Envoi...\" data-submit-text=\"Envoyer\" aria-live=\"assertive\" value=\"wpforms-submit\">Envoyer<\/button><\/div><\/form><\/div>  <!-- .wpforms-container --><\/div>\n","protected":false},"excerpt":{"rendered":"<p>R\u00e9servations Veuillez compl\u00e9ter les information suivantes pour faire une demande de r\u00e9servation. Nous vous contacterons pour confirmer la r\u00e9servation. * indique un champ obligatoire<\/p>\n","protected":false},"author":1,"featured_media":0,"parent":0,"menu_order":0,"comment_status":"closed","ping_status":"closed","template":"","meta":{"_uag_custom_page_level_css":"","site-sidebar-layout":"default","site-content-layout":"","ast-site-content-layout":"full-width-container","site-content-style":"default","site-sidebar-style":"default","ast-global-header-display":"","ast-banner-title-visibility":"","ast-main-header-display":"","ast-hfb-above-header-display":"","ast-hfb-below-header-display":"","ast-hfb-mobile-header-display":"","site-post-title":"disabled","ast-breadcrumbs-content":"","ast-featured-img":"","footer-sml-layout":"","ast-disable-related-posts":"","theme-transparent-header-meta":"","adv-header-id-meta":"","stick-header-meta":"","header-above-stick-meta":"","header-main-stick-meta":"","header-below-stick-meta":"","astra-migrate-meta-layouts":"set","ast-page-background-enabled":"default","ast-page-background-meta":{"desktop":{"background-color":"","background-image":"","background-repeat":"repeat","background-position":"center center","background-size":"auto","background-attachment":"scroll","background-type":"","background-media":"","overlay-type":"","overlay-color":"","overlay-opacity":"","overlay-gradient":""},"tablet":{"background-color":"","background-image":"","background-repeat":"repeat","background-position":"center center","background-size":"auto","background-attachment":"scroll","background-type":"","background-media":"","overlay-type":"","overlay-color":"","overlay-opacity":"","overlay-gradient":""},"mobile":{"background-color":"","background-image":"","background-repeat":"repeat","background-position":"center center","background-size":"auto","background-attachment":"scroll","background-type":"","background-media":"","overlay-type":"","overlay-color":"","overlay-opacity":"","overlay-gradient":""}},"ast-content-background-meta":{"desktop":{"background-color":"var(--ast-global-color-5)","background-image":"","background-repeat":"repeat","background-position":"center center","background-size":"auto","background-attachment":"scroll","background-type":"","background-media":"","overlay-type":"","overlay-color":"","overlay-opacity":"","overlay-gradient":""},"tablet":{"background-color":"var(--ast-global-color-5)","background-image":"","background-repeat":"repeat","background-position":"center center","background-size":"auto","background-attachment":"scroll","background-type":"","background-media":"","overlay-type":"","overlay-color":"","overlay-opacity":"","overlay-gradient":""},"mobile":{"background-color":"var(--ast-global-color-5)","background-image":"","background-repeat":"repeat","background-position":"center center","background-size":"auto","background-attachment":"scroll","background-type":"","background-media":"","overlay-type":"","overlay-color":"","overlay-opacity":"","overlay-gradient":""}},"ngg_post_thumbnail":0,"iawp_total_views":2316,"footnotes":""},"class_list":["post-593","page","type-page","status-publish","hentry"],"uagb_featured_image_src":{"full":false,"thumbnail":false,"medium":false,"medium_large":false,"large":false,"1536x1536":false,"2048x2048":false},"uagb_author_info":{"display_name":"admin","author_link":"https:\/\/pourvoirietawanipi.com\/fr\/author\/admin\/"},"uagb_comment_info":0,"uagb_excerpt":"R\u00e9servations Veuillez compl\u00e9ter les information suivantes pour faire une demande de r\u00e9servation. Nous vous contacterons pour confirmer la r\u00e9servation. * indique un champ obligatoire","_links":{"self":[{"href":"https:\/\/pourvoirietawanipi.com\/fr\/wp-json\/wp\/v2\/pages\/593","targetHints":{"allow":["GET"]}}],"collection":[{"href":"https:\/\/pourvoirietawanipi.com\/fr\/wp-json\/wp\/v2\/pages"}],"about":[{"href":"https:\/\/pourvoirietawanipi.com\/fr\/wp-json\/wp\/v2\/types\/page"}],"author":[{"embeddable":true,"href":"https:\/\/pourvoirietawanipi.com\/fr\/wp-json\/wp\/v2\/users\/1"}],"replies":[{"embeddable":true,"href":"https:\/\/pourvoirietawanipi.com\/fr\/wp-json\/wp\/v2\/comments?post=593"}],"version-history":[{"count":5,"href":"https:\/\/pourvoirietawanipi.com\/fr\/wp-json\/wp\/v2\/pages\/593\/revisions"}],"predecessor-version":[{"id":3832,"href":"https:\/\/pourvoirietawanipi.com\/fr\/wp-json\/wp\/v2\/pages\/593\/revisions\/3832"}],"wp:attachment":[{"href":"https:\/\/pourvoirietawanipi.com\/fr\/wp-json\/wp\/v2\/media?parent=593"}],"curies":[{"name":"wp","href":"https:\/\/api.w.org\/{rel}","templated":true}]}}