{"id":598,"date":"2015-06-08T11:56:05","date_gmt":"2015-06-08T15:56:05","guid":{"rendered":"https:\/\/pourvoirietawanipi.com\/fr\/?page_id=598"},"modified":"2024-08-22T09:42:54","modified_gmt":"2024-08-22T13:42:54","slug":"activitees","status":"publish","type":"page","link":"https:\/\/pourvoirietawanipi.com\/fr\/activitees\/","title":{"rendered":"Activit\u00e9s"},"content":{"rendered":"\n\n\n<div class=\"wp-block-uagb-container uagb-block-72c0ac9b default uagb-is-root-container\">\n<h2 class=\"wp-block-heading has-large-font-size\" style=\"padding-top:var(--wp--preset--spacing--30);padding-right:var(--wp--preset--spacing--40);padding-bottom:var(--wp--preset--spacing--30);padding-left:var(--wp--preset--spacing--40)\">Activit\u00e9s<\/h2>\n<\/div>\n\n\n\n<div class=\"wp-block-uagb-container uagb-block-37b40efe default uagb-is-root-container\">\n<p>En toutes saisons, de nombreuses activit\u00e9s peuvent \u00eatre pratiqu\u00e9es.&nbsp;&nbsp;<br>Que ce soit \u00e0 la pourvoirie ou \u00e0 proximit\u00e9, il y en a pour tous les go\u00fbts.&nbsp; &nbsp; &nbsp; &nbsp; &nbsp; &nbsp;&nbsp;&nbsp; &nbsp; &nbsp; &nbsp; &nbsp; &nbsp; &nbsp; &nbsp; &nbsp; &nbsp; &nbsp; &nbsp; &nbsp; &nbsp; &nbsp; &nbsp; &nbsp; &nbsp; &nbsp; &nbsp; &nbsp; &nbsp; &nbsp; &nbsp; &nbsp; &nbsp; &nbsp;&nbsp; &nbsp; &nbsp; &nbsp; &nbsp; &nbsp; &nbsp; &nbsp; &nbsp; &nbsp;&nbsp; &nbsp; &nbsp; &nbsp; &nbsp; &nbsp; &nbsp; &nbsp; &nbsp; &nbsp; &nbsp; &nbsp; &nbsp; &nbsp; &nbsp; &nbsp;<\/p>\n<\/div>\n\n\n\n<div class=\"wp-block-uagb-container uagb-block-869be3bc default uagb-is-root-container\">\n<div class=\"wp-block-group is-layout-flow wp-block-group-is-layout-flow\"><div class=\"wp-block-group__inner-container\">\n<figure class=\"wp-block-gallery has-nested-images columns-4 is-cropped wp-block-gallery-1 is-layout-flex wp-block-gallery-is-layout-flex\">\n<figure class=\"wp-block-image size-large\"><img decoding=\"async\" width=\"360\" height=\"270\" data-id=\"483\" data-src=\"https:\/\/pourvoirietawanipi.com\/fr\/wp-content\/uploads\/2015\/06\/skidoogroup.gif\" alt=\"\" class=\"wp-image-483 lazyload\" src=\"data:image\/svg+xml;base64,PHN2ZyB3aWR0aD0iMSIgaGVpZ2h0PSIxIiB4bWxucz0iaHR0cDovL3d3dy53My5vcmcvMjAwMC9zdmciPjwvc3ZnPg==\" style=\"--smush-placeholder-width: 360px; --smush-placeholder-aspect-ratio: 360\/270;\" \/><\/figure>\n\n\n\n<figure class=\"wp-block-image size-large\"><img decoding=\"async\" width=\"360\" height=\"270\" data-id=\"555\" data-src=\"https:\/\/pourvoirietawanipi.com\/fr\/wp-content\/uploads\/2015\/06\/winter-dogteam.gif\" alt=\"\" class=\"wp-image-555 lazyload\" src=\"data:image\/svg+xml;base64,PHN2ZyB3aWR0aD0iMSIgaGVpZ2h0PSIxIiB4bWxucz0iaHR0cDovL3d3dy53My5vcmcvMjAwMC9zdmciPjwvc3ZnPg==\" style=\"--smush-placeholder-width: 360px; --smush-placeholder-aspect-ratio: 360\/270;\" \/><\/figure>\n\n\n\n<figure class=\"wp-block-image size-large\"><img decoding=\"async\" width=\"768\" height=\"1024\" data-id=\"969\" data-src=\"https:\/\/pourvoirietawanipi.com\/fr\/wp-content\/uploads\/2016\/03\/IMG_2087-e1458068505517-768x1024.jpg\" alt=\"\" class=\"wp-image-969 lazyload\" data-srcset=\"https:\/\/pourvoirietawanipi.com\/fr\/wp-content\/uploads\/2016\/03\/IMG_2087-e1458068505517-768x1024.jpg 768w, https:\/\/pourvoirietawanipi.com\/fr\/wp-content\/uploads\/2016\/03\/IMG_2087-e1458068505517-225x300.jpg 225w, https:\/\/pourvoirietawanipi.com\/fr\/wp-content\/uploads\/2016\/03\/IMG_2087-e1458068505517-113x150.jpg 113w, https:\/\/pourvoirietawanipi.com\/fr\/wp-content\/uploads\/2016\/03\/IMG_2087-e1458068505517.jpg 1944w\" data-sizes=\"(max-width: 768px) 100vw, 768px\" src=\"data:image\/svg+xml;base64,PHN2ZyB3aWR0aD0iMSIgaGVpZ2h0PSIxIiB4bWxucz0iaHR0cDovL3d3dy53My5vcmcvMjAwMC9zdmciPjwvc3ZnPg==\" style=\"--smush-placeholder-width: 768px; --smush-placeholder-aspect-ratio: 768\/1024;\" \/><\/figure>\n\n\n\n<figure class=\"wp-block-image size-large\"><img decoding=\"async\" width=\"288\" height=\"216\" data-id=\"11\" data-src=\"https:\/\/pourvoirietawanipi.com\/fr\/wp-content\/uploads\/2015\/06\/activities-pontoon-2011.gif\" alt=\"\" class=\"wp-image-11 lazyload\" src=\"data:image\/svg+xml;base64,PHN2ZyB3aWR0aD0iMSIgaGVpZ2h0PSIxIiB4bWxucz0iaHR0cDovL3d3dy53My5vcmcvMjAwMC9zdmciPjwvc3ZnPg==\" style=\"--smush-placeholder-width: 288px; --smush-placeholder-aspect-ratio: 288\/216;\" \/><\/figure>\n\n\n\n<figure class=\"wp-block-image size-large\"><img decoding=\"async\" width=\"1024\" height=\"685\" data-id=\"291\" data-src=\"https:\/\/pourvoirietawanipi.com\/fr\/wp-content\/uploads\/2015\/06\/DSC_01611-1024x685.jpg\" alt=\"\" class=\"wp-image-291 lazyload\" data-srcset=\"https:\/\/pourvoirietawanipi.com\/fr\/wp-content\/uploads\/2015\/06\/DSC_01611-1024x685.jpg 1024w, https:\/\/pourvoirietawanipi.com\/fr\/wp-content\/uploads\/2015\/06\/DSC_01611-300x201.jpg 300w, https:\/\/pourvoirietawanipi.com\/fr\/wp-content\/uploads\/2015\/06\/DSC_01611-224x150.jpg 224w, https:\/\/pourvoirietawanipi.com\/fr\/wp-content\/uploads\/2015\/06\/DSC_01611-150x100.jpg 150w\" data-sizes=\"(max-width: 1024px) 100vw, 1024px\" src=\"data:image\/svg+xml;base64,PHN2ZyB3aWR0aD0iMSIgaGVpZ2h0PSIxIiB4bWxucz0iaHR0cDovL3d3dy53My5vcmcvMjAwMC9zdmciPjwvc3ZnPg==\" style=\"--smush-placeholder-width: 1024px; --smush-placeholder-aspect-ratio: 1024\/685;\" \/><\/figure>\n\n\n\n<figure class=\"wp-block-image size-large\"><img decoding=\"async\" width=\"768\" height=\"1024\" data-id=\"1328\" data-src=\"https:\/\/pourvoirietawanipi.com\/fr\/wp-content\/uploads\/2016\/04\/RAYMONDOU-196-768x1024.jpg\" alt=\"\" class=\"wp-image-1328 lazyload\" data-srcset=\"https:\/\/pourvoirietawanipi.com\/fr\/wp-content\/uploads\/2016\/04\/RAYMONDOU-196-768x1024.jpg 768w, https:\/\/pourvoirietawanipi.com\/fr\/wp-content\/uploads\/2016\/04\/RAYMONDOU-196-225x300.jpg 225w, https:\/\/pourvoirietawanipi.com\/fr\/wp-content\/uploads\/2016\/04\/RAYMONDOU-196-113x150.jpg 113w, https:\/\/pourvoirietawanipi.com\/fr\/wp-content\/uploads\/2016\/04\/RAYMONDOU-196.jpg 1200w\" data-sizes=\"(max-width: 768px) 100vw, 768px\" src=\"data:image\/svg+xml;base64,PHN2ZyB3aWR0aD0iMSIgaGVpZ2h0PSIxIiB4bWxucz0iaHR0cDovL3d3dy53My5vcmcvMjAwMC9zdmciPjwvc3ZnPg==\" style=\"--smush-placeholder-width: 768px; --smush-placeholder-aspect-ratio: 768\/1024;\" \/><\/figure>\n\n\n\n<figure class=\"wp-block-image size-large\"><img decoding=\"async\" width=\"1024\" height=\"683\" data-id=\"1336\" data-src=\"https:\/\/pourvoirietawanipi.com\/fr\/wp-content\/uploads\/2016\/04\/photo-sylvain-sonia-050-1024x683.jpg\" alt=\"\" class=\"wp-image-1336 lazyload\" data-srcset=\"https:\/\/pourvoirietawanipi.com\/fr\/wp-content\/uploads\/2016\/04\/photo-sylvain-sonia-050-1024x683.jpg 1024w, https:\/\/pourvoirietawanipi.com\/fr\/wp-content\/uploads\/2016\/04\/photo-sylvain-sonia-050-300x200.jpg 300w, https:\/\/pourvoirietawanipi.com\/fr\/wp-content\/uploads\/2016\/04\/photo-sylvain-sonia-050-768x512.jpg 768w, https:\/\/pourvoirietawanipi.com\/fr\/wp-content\/uploads\/2016\/04\/photo-sylvain-sonia-050-225x150.jpg 225w, https:\/\/pourvoirietawanipi.com\/fr\/wp-content\/uploads\/2016\/04\/photo-sylvain-sonia-050-150x100.jpg 150w\" data-sizes=\"(max-width: 1024px) 100vw, 1024px\" src=\"data:image\/svg+xml;base64,PHN2ZyB3aWR0aD0iMSIgaGVpZ2h0PSIxIiB4bWxucz0iaHR0cDovL3d3dy53My5vcmcvMjAwMC9zdmciPjwvc3ZnPg==\" style=\"--smush-placeholder-width: 1024px; --smush-placeholder-aspect-ratio: 1024\/683;\" \/><\/figure>\n\n\n\n<figure class=\"wp-block-image size-large\"><img decoding=\"async\" width=\"324\" height=\"432\" data-id=\"195\" data-src=\"https:\/\/pourvoirietawanipi.com\/fr\/wp-content\/uploads\/2015\/06\/canoe-my-bay-scene-.gif\" alt=\"\" class=\"wp-image-195 lazyload\" src=\"data:image\/svg+xml;base64,PHN2ZyB3aWR0aD0iMSIgaGVpZ2h0PSIxIiB4bWxucz0iaHR0cDovL3d3dy53My5vcmcvMjAwMC9zdmciPjwvc3ZnPg==\" style=\"--smush-placeholder-width: 324px; --smush-placeholder-aspect-ratio: 324\/432;\" \/><\/figure>\n\n\n\n<figure class=\"wp-block-image size-large\"><img decoding=\"async\" width=\"1024\" height=\"768\" data-id=\"1631\" data-src=\"https:\/\/pourvoirietawanipi.com\/fr\/wp-content\/uploads\/2017\/06\/Soir-Baie-Philom\u00e8ne-1024x768.jpg\" alt=\"\" class=\"wp-image-1631 lazyload\" data-srcset=\"https:\/\/pourvoirietawanipi.com\/fr\/wp-content\/uploads\/2017\/06\/Soir-Baie-Philom\u00e8ne-1024x768.jpg 1024w, https:\/\/pourvoirietawanipi.com\/fr\/wp-content\/uploads\/2017\/06\/Soir-Baie-Philom\u00e8ne-300x225.jpg 300w, https:\/\/pourvoirietawanipi.com\/fr\/wp-content\/uploads\/2017\/06\/Soir-Baie-Philom\u00e8ne-768x576.jpg 768w, https:\/\/pourvoirietawanipi.com\/fr\/wp-content\/uploads\/2017\/06\/Soir-Baie-Philom\u00e8ne-200x150.jpg 200w, https:\/\/pourvoirietawanipi.com\/fr\/wp-content\/uploads\/2017\/06\/Soir-Baie-Philom\u00e8ne-150x113.jpg 150w\" data-sizes=\"(max-width: 1024px) 100vw, 1024px\" src=\"data:image\/svg+xml;base64,PHN2ZyB3aWR0aD0iMSIgaGVpZ2h0PSIxIiB4bWxucz0iaHR0cDovL3d3dy53My5vcmcvMjAwMC9zdmciPjwvc3ZnPg==\" style=\"--smush-placeholder-width: 1024px; --smush-placeholder-aspect-ratio: 1024\/768;\" \/><\/figure>\n<\/figure>\n<\/div><\/div>\n<\/div>\n","protected":false},"excerpt":{"rendered":"<p>Activit\u00e9s En toutes saisons, de nombreuses activit\u00e9s peuvent \u00eatre pratiqu\u00e9es.&nbsp;&nbsp;Que ce soit \u00e0 la pourvoirie ou \u00e0 proximit\u00e9, il y en a pour tous les go\u00fbts.&nbsp; &nbsp; &nbsp; &nbsp; &nbsp; &nbsp;&nbsp;&nbsp; &nbsp; &nbsp; &nbsp; &nbsp; &nbsp; &nbsp; &nbsp; &nbsp; &nbsp; &nbsp; &nbsp; &nbsp; &nbsp; &nbsp; &nbsp; &nbsp; &nbsp; &nbsp; &nbsp; &nbsp; &nbsp; &nbsp; &nbsp; &nbsp; [&hellip;]<\/p>\n","protected":false},"author":1,"featured_media":0,"parent":0,"menu_order":0,"comment_status":"closed","ping_status":"closed","template":"","meta":{"_uag_custom_page_level_css":"","site-sidebar-layout":"default","site-content-layout":"","ast-site-content-layout":"full-width-container","site-content-style":"default","site-sidebar-style":"default","ast-global-header-display":"","ast-banner-title-visibility":"","ast-main-header-display":"","ast-hfb-above-header-display":"","ast-hfb-below-header-display":"","ast-hfb-mobile-header-display":"","site-post-title":"disabled","ast-breadcrumbs-content":"","ast-featured-img":"","footer-sml-layout":"","ast-disable-related-posts":"","theme-transparent-header-meta":"","adv-header-id-meta":"","stick-header-meta":"","header-above-stick-meta":"","header-main-stick-meta":"","header-below-stick-meta":"","astra-migrate-meta-layouts":"set","ast-page-background-enabled":"default","ast-page-background-meta":{"desktop":{"background-color":"","background-image":"","background-repeat":"repeat","background-position":"center center","background-size":"auto","background-attachment":"scroll","background-type":"","background-media":"","overlay-type":"","overlay-color":"","overlay-opacity":"","overlay-gradient":""},"tablet":{"background-color":"","background-image":"","background-repeat":"repeat","background-position":"center center","background-size":"auto","background-attachment":"scroll","background-type":"","background-media":"","overlay-type":"","overlay-color":"","overlay-opacity":"","overlay-gradient":""},"mobile":{"background-color":"","background-image":"","background-repeat":"repeat","background-position":"center center","background-size":"auto","background-attachment":"scroll","background-type":"","background-media":"","overlay-type":"","overlay-color":"","overlay-opacity":"","overlay-gradient":""}},"ast-content-background-meta":{"desktop":{"background-color":"var(--ast-global-color-5)","background-image":"","background-repeat":"repeat","background-position":"center center","background-size":"auto","background-attachment":"scroll","background-type":"","background-media":"","overlay-type":"","overlay-color":"","overlay-opacity":"","overlay-gradient":""},"tablet":{"background-color":"var(--ast-global-color-5)","background-image":"","background-repeat":"repeat","background-position":"center center","background-size":"auto","background-attachment":"scroll","background-type":"","background-media":"","overlay-type":"","overlay-color":"","overlay-opacity":"","overlay-gradient":""},"mobile":{"background-color":"var(--ast-global-color-5)","background-image":"","background-repeat":"repeat","background-position":"center center","background-size":"auto","background-attachment":"scroll","background-type":"","background-media":"","overlay-type":"","overlay-color":"","overlay-opacity":"","overlay-gradient":""}},"ngg_post_thumbnail":0,"iawp_total_views":744,"footnotes":""},"class_list":["post-598","page","type-page","status-publish","hentry"],"uagb_featured_image_src":{"full":false,"thumbnail":false,"medium":false,"medium_large":false,"large":false,"1536x1536":false,"2048x2048":false},"uagb_author_info":{"display_name":"admin","author_link":"https:\/\/pourvoirietawanipi.com\/fr\/author\/admin\/"},"uagb_comment_info":0,"uagb_excerpt":"Activit\u00e9s En toutes saisons, de nombreuses activit\u00e9s peuvent \u00eatre pratiqu\u00e9es.&nbsp;&nbsp;Que ce soit \u00e0 la pourvoirie ou \u00e0 proximit\u00e9, il y en a pour tous les go\u00fbts.&nbsp; &nbsp; &nbsp; &nbsp; &nbsp; &nbsp;&nbsp;&nbsp; &nbsp; &nbsp; &nbsp; &nbsp; &nbsp; &nbsp; &nbsp; &nbsp; &nbsp; &nbsp; &nbsp; &nbsp; &nbsp; &nbsp; &nbsp; &nbsp; &nbsp; &nbsp; &nbsp; &nbsp; &nbsp; &nbsp; &nbsp; &nbsp;&hellip;","_links":{"self":[{"href":"https:\/\/pourvoirietawanipi.com\/fr\/wp-json\/wp\/v2\/pages\/598","targetHints":{"allow":["GET"]}}],"collection":[{"href":"https:\/\/pourvoirietawanipi.com\/fr\/wp-json\/wp\/v2\/pages"}],"about":[{"href":"https:\/\/pourvoirietawanipi.com\/fr\/wp-json\/wp\/v2\/types\/page"}],"author":[{"embeddable":true,"href":"https:\/\/pourvoirietawanipi.com\/fr\/wp-json\/wp\/v2\/users\/1"}],"replies":[{"embeddable":true,"href":"https:\/\/pourvoirietawanipi.com\/fr\/wp-json\/wp\/v2\/comments?post=598"}],"version-history":[{"count":5,"href":"https:\/\/pourvoirietawanipi.com\/fr\/wp-json\/wp\/v2\/pages\/598\/revisions"}],"predecessor-version":[{"id":3704,"href":"https:\/\/pourvoirietawanipi.com\/fr\/wp-json\/wp\/v2\/pages\/598\/revisions\/3704"}],"wp:attachment":[{"href":"https:\/\/pourvoirietawanipi.com\/fr\/wp-json\/wp\/v2\/media?parent=598"}],"curies":[{"name":"wp","href":"https:\/\/api.w.org\/{rel}","templated":true}]}}