{"id":611,"date":"2015-06-08T12:04:35","date_gmt":"2015-06-08T16:04:35","guid":{"rendered":"https:\/\/pourvoirietawanipi.com\/fr\/?page_id=611"},"modified":"2024-08-22T13:30:31","modified_gmt":"2024-08-22T17:30:31","slug":"nos-services","status":"publish","type":"page","link":"https:\/\/pourvoirietawanipi.com\/fr\/nos-services\/","title":{"rendered":"H\u00e9bergement-Location"},"content":{"rendered":"\n\n\n<div class=\"wp-block-uagb-container uagb-block-5be8ef7f default uagb-is-root-container\">\n<h2 class=\"wp-block-heading\">H\u00e9bergement &#8211; Location<\/h2>\n<\/div>\n\n\n\n<div class=\"wp-block-uagb-container uagb-block-f5706ba0 default uagb-is-root-container\">\n<p>La pourvoirie Tawanipi offre des h\u00e9bergements en chalet de 3 et 4 * ( classification de la FPQ )&nbsp;avec tout le confort.  <br><br>Nous offrons \u00e9galement \u00e0 la location une roulotte de 40\u2019 et une Fifth Wheel de 27\u2019.  La roulotte est install\u00e9e du c\u00f4t\u00e9 des chalets. Elle peut accueillir de 2 \u00e0 4 personnes. La Fifth Wheel est install\u00e9e du c\u00f4t\u00e9 du camping sur l\u2019emplacement #5. Elle peut accueillir 2 adultes + 2 jeunes enfants.<br><br>Vous trouverez \u00e9galement&nbsp;une section avec des emplacements de camping&nbsp;saisonniers&nbsp;et une section avec des emplacements am\u00e9nag\u00e9s&nbsp;pour les gens de passage, avec table de pique nique et pot \u00e0 feu.<\/p>\n<\/div>\n\n\n\n<div class=\"wp-block-uagb-container uagb-block-f0f123a6 default uagb-is-root-container\">\n<figure class=\"wp-block-gallery has-nested-images columns-default is-cropped wp-block-gallery-1 is-layout-flex wp-block-gallery-is-layout-flex\">\n<figure class=\"wp-block-image size-large\"><img decoding=\"async\" width=\"1024\" height=\"768\" data-id=\"1296\" data-src=\"https:\/\/pourvoirietawanipi.com\/fr\/wp-content\/uploads\/2016\/04\/juin-2013-024-1024x768.jpg\" alt=\"\" class=\"wp-image-1296 lazyload\" data-srcset=\"https:\/\/pourvoirietawanipi.com\/fr\/wp-content\/uploads\/2016\/04\/juin-2013-024-1024x768.jpg 1024w, https:\/\/pourvoirietawanipi.com\/fr\/wp-content\/uploads\/2016\/04\/juin-2013-024-300x225.jpg 300w, https:\/\/pourvoirietawanipi.com\/fr\/wp-content\/uploads\/2016\/04\/juin-2013-024-768x576.jpg 768w, https:\/\/pourvoirietawanipi.com\/fr\/wp-content\/uploads\/2016\/04\/juin-2013-024-200x150.jpg 200w, https:\/\/pourvoirietawanipi.com\/fr\/wp-content\/uploads\/2016\/04\/juin-2013-024-150x113.jpg 150w\" data-sizes=\"(max-width: 1024px) 100vw, 1024px\" src=\"data:image\/svg+xml;base64,PHN2ZyB3aWR0aD0iMSIgaGVpZ2h0PSIxIiB4bWxucz0iaHR0cDovL3d3dy53My5vcmcvMjAwMC9zdmciPjwvc3ZnPg==\" style=\"--smush-placeholder-width: 1024px; --smush-placeholder-aspect-ratio: 1024\/768;\" \/><\/figure>\n\n\n\n<figure class=\"wp-block-image size-large\"><img decoding=\"async\" width=\"1024\" height=\"768\" data-id=\"1275\" data-src=\"https:\/\/pourvoirietawanipi.com\/fr\/wp-content\/uploads\/2016\/04\/camping-2011-002-1024x768.jpg\" alt=\"\" class=\"wp-image-1275 lazyload\" data-srcset=\"https:\/\/pourvoirietawanipi.com\/fr\/wp-content\/uploads\/2016\/04\/camping-2011-002-1024x768.jpg 1024w, https:\/\/pourvoirietawanipi.com\/fr\/wp-content\/uploads\/2016\/04\/camping-2011-002-300x225.jpg 300w, https:\/\/pourvoirietawanipi.com\/fr\/wp-content\/uploads\/2016\/04\/camping-2011-002-768x576.jpg 768w, https:\/\/pourvoirietawanipi.com\/fr\/wp-content\/uploads\/2016\/04\/camping-2011-002-200x150.jpg 200w, https:\/\/pourvoirietawanipi.com\/fr\/wp-content\/uploads\/2016\/04\/camping-2011-002-150x113.jpg 150w\" data-sizes=\"(max-width: 1024px) 100vw, 1024px\" src=\"data:image\/svg+xml;base64,PHN2ZyB3aWR0aD0iMSIgaGVpZ2h0PSIxIiB4bWxucz0iaHR0cDovL3d3dy53My5vcmcvMjAwMC9zdmciPjwvc3ZnPg==\" style=\"--smush-placeholder-width: 1024px; --smush-placeholder-aspect-ratio: 1024\/768;\" \/><\/figure>\n\n\n\n<figure class=\"wp-block-image size-large\"><img decoding=\"async\" width=\"1024\" height=\"768\" data-id=\"1125\" data-src=\"https:\/\/pourvoirietawanipi.com\/fr\/wp-content\/uploads\/2016\/04\/4-juillet-2008-031-1024x768.jpg\" alt=\"\" class=\"wp-image-1125 lazyload\" data-srcset=\"https:\/\/pourvoirietawanipi.com\/fr\/wp-content\/uploads\/2016\/04\/4-juillet-2008-031-1024x768.jpg 1024w, https:\/\/pourvoirietawanipi.com\/fr\/wp-content\/uploads\/2016\/04\/4-juillet-2008-031-300x225.jpg 300w, https:\/\/pourvoirietawanipi.com\/fr\/wp-content\/uploads\/2016\/04\/4-juillet-2008-031-768x576.jpg 768w, https:\/\/pourvoirietawanipi.com\/fr\/wp-content\/uploads\/2016\/04\/4-juillet-2008-031-200x150.jpg 200w, https:\/\/pourvoirietawanipi.com\/fr\/wp-content\/uploads\/2016\/04\/4-juillet-2008-031-150x113.jpg 150w\" data-sizes=\"(max-width: 1024px) 100vw, 1024px\" src=\"data:image\/svg+xml;base64,PHN2ZyB3aWR0aD0iMSIgaGVpZ2h0PSIxIiB4bWxucz0iaHR0cDovL3d3dy53My5vcmcvMjAwMC9zdmciPjwvc3ZnPg==\" style=\"--smush-placeholder-width: 1024px; --smush-placeholder-aspect-ratio: 1024\/768;\" \/><\/figure>\n\n\n\n<figure class=\"wp-block-image size-large\"><img decoding=\"async\" width=\"1024\" height=\"768\" data-id=\"2282\" data-src=\"https:\/\/pourvoirietawanipi.com\/fr\/wp-content\/uploads\/2017\/06\/Chalet-10-int\u00e9rieur-004-1024x768.jpg\" alt=\"\" class=\"wp-image-2282 lazyload\" data-srcset=\"https:\/\/pourvoirietawanipi.com\/fr\/wp-content\/uploads\/2017\/06\/Chalet-10-int\u00e9rieur-004-1024x768.jpg 1024w, https:\/\/pourvoirietawanipi.com\/fr\/wp-content\/uploads\/2017\/06\/Chalet-10-int\u00e9rieur-004-300x225.jpg 300w, https:\/\/pourvoirietawanipi.com\/fr\/wp-content\/uploads\/2017\/06\/Chalet-10-int\u00e9rieur-004-768x576.jpg 768w, https:\/\/pourvoirietawanipi.com\/fr\/wp-content\/uploads\/2017\/06\/Chalet-10-int\u00e9rieur-004-200x150.jpg 200w, https:\/\/pourvoirietawanipi.com\/fr\/wp-content\/uploads\/2017\/06\/Chalet-10-int\u00e9rieur-004-150x113.jpg 150w\" data-sizes=\"(max-width: 1024px) 100vw, 1024px\" src=\"data:image\/svg+xml;base64,PHN2ZyB3aWR0aD0iMSIgaGVpZ2h0PSIxIiB4bWxucz0iaHR0cDovL3d3dy53My5vcmcvMjAwMC9zdmciPjwvc3ZnPg==\" style=\"--smush-placeholder-width: 1024px; --smush-placeholder-aspect-ratio: 1024\/768;\" \/><\/figure>\n\n\n\n<figure class=\"wp-block-image size-large\"><img decoding=\"async\" width=\"1024\" height=\"768\" data-id=\"2216\" data-src=\"https:\/\/pourvoirietawanipi.com\/fr\/wp-content\/uploads\/2017\/06\/Chalet-2-ext\u00e9rieur-vue-002-1024x768.jpg\" alt=\"\" class=\"wp-image-2216 lazyload\" data-srcset=\"https:\/\/pourvoirietawanipi.com\/fr\/wp-content\/uploads\/2017\/06\/Chalet-2-ext\u00e9rieur-vue-002-1024x768.jpg 1024w, https:\/\/pourvoirietawanipi.com\/fr\/wp-content\/uploads\/2017\/06\/Chalet-2-ext\u00e9rieur-vue-002-300x225.jpg 300w, https:\/\/pourvoirietawanipi.com\/fr\/wp-content\/uploads\/2017\/06\/Chalet-2-ext\u00e9rieur-vue-002-768x576.jpg 768w, https:\/\/pourvoirietawanipi.com\/fr\/wp-content\/uploads\/2017\/06\/Chalet-2-ext\u00e9rieur-vue-002-200x150.jpg 200w, https:\/\/pourvoirietawanipi.com\/fr\/wp-content\/uploads\/2017\/06\/Chalet-2-ext\u00e9rieur-vue-002-150x113.jpg 150w\" data-sizes=\"(max-width: 1024px) 100vw, 1024px\" src=\"data:image\/svg+xml;base64,PHN2ZyB3aWR0aD0iMSIgaGVpZ2h0PSIxIiB4bWxucz0iaHR0cDovL3d3dy53My5vcmcvMjAwMC9zdmciPjwvc3ZnPg==\" style=\"--smush-placeholder-width: 1024px; --smush-placeholder-aspect-ratio: 1024\/768;\" \/><\/figure>\n<\/figure>\n<\/div>\n\n\n\n<div class=\"wp-block-uagb-container uagb-block-0fdc2324 default uagb-is-root-container\">\n<p><br>Plan du secteur chalets et plan du camping<\/p>\n\n\n\n<p><\/p>\n<\/div>\n\n\n\n<div class=\"wp-block-uagb-container uagb-block-a033bb66 default uagb-is-root-container\">\n<figure class=\"wp-block-gallery has-nested-images columns-default is-cropped wp-block-gallery-2 is-layout-flex wp-block-gallery-is-layout-flex\">\n<figure class=\"wp-block-image size-large\"><img decoding=\"async\" width=\"750\" height=\"433\" data-id=\"162\" data-src=\"https:\/\/pourvoirietawanipi.com\/fr\/wp-content\/uploads\/2015\/06\/CABINS-MAP-WEB-2.gif\" alt=\"\" class=\"wp-image-162 lazyload\" src=\"data:image\/svg+xml;base64,PHN2ZyB3aWR0aD0iMSIgaGVpZ2h0PSIxIiB4bWxucz0iaHR0cDovL3d3dy53My5vcmcvMjAwMC9zdmciPjwvc3ZnPg==\" style=\"--smush-placeholder-width: 750px; --smush-placeholder-aspect-ratio: 750\/433;\" \/><\/figure>\n\n\n\n<figure class=\"wp-block-image size-large\"><img decoding=\"async\" width=\"1024\" height=\"666\" data-id=\"183\" data-src=\"https:\/\/pourvoirietawanipi.com\/fr\/wp-content\/uploads\/2015\/06\/camping2plan20111-1024x666.gif\" alt=\"\" class=\"wp-image-183 lazyload\" data-srcset=\"https:\/\/pourvoirietawanipi.com\/fr\/wp-content\/uploads\/2015\/06\/camping2plan20111-1024x666.gif 1024w, https:\/\/pourvoirietawanipi.com\/fr\/wp-content\/uploads\/2015\/06\/camping2plan20111-300x195.gif 300w, https:\/\/pourvoirietawanipi.com\/fr\/wp-content\/uploads\/2015\/06\/camping2plan20111-231x150.gif 231w, https:\/\/pourvoirietawanipi.com\/fr\/wp-content\/uploads\/2015\/06\/camping2plan20111-150x98.gif 150w\" data-sizes=\"(max-width: 1024px) 100vw, 1024px\" src=\"data:image\/svg+xml;base64,PHN2ZyB3aWR0aD0iMSIgaGVpZ2h0PSIxIiB4bWxucz0iaHR0cDovL3d3dy53My5vcmcvMjAwMC9zdmciPjwvc3ZnPg==\" style=\"--smush-placeholder-width: 1024px; --smush-placeholder-aspect-ratio: 1024\/666;\" \/><\/figure>\n<\/figure>\n<\/div>\n","protected":false},"excerpt":{"rendered":"<p>H\u00e9bergement &#8211; Location La pourvoirie Tawanipi offre des h\u00e9bergements en chalet de 3 et 4 * ( classification de la FPQ )&nbsp;avec tout le confort. Nous offrons \u00e9galement \u00e0 la location une roulotte de 40\u2019 et une Fifth Wheel de 27\u2019. La roulotte est install\u00e9e du c\u00f4t\u00e9 des chalets. Elle peut accueillir de 2 \u00e0 [&hellip;]<\/p>\n","protected":false},"author":1,"featured_media":0,"parent":0,"menu_order":0,"comment_status":"closed","ping_status":"closed","template":"","meta":{"_uag_custom_page_level_css":"","site-sidebar-layout":"default","site-content-layout":"","ast-site-content-layout":"full-width-container","site-content-style":"default","site-sidebar-style":"default","ast-global-header-display":"","ast-banner-title-visibility":"","ast-main-header-display":"","ast-hfb-above-header-display":"","ast-hfb-below-header-display":"","ast-hfb-mobile-header-display":"","site-post-title":"disabled","ast-breadcrumbs-content":"","ast-featured-img":"","footer-sml-layout":"","ast-disable-related-posts":"","theme-transparent-header-meta":"","adv-header-id-meta":"","stick-header-meta":"","header-above-stick-meta":"","header-main-stick-meta":"","header-below-stick-meta":"","astra-migrate-meta-layouts":"set","ast-page-background-enabled":"default","ast-page-background-meta":{"desktop":{"background-color":"","background-image":"","background-repeat":"repeat","background-position":"center center","background-size":"auto","background-attachment":"scroll","background-type":"","background-media":"","overlay-type":"","overlay-color":"","overlay-opacity":"","overlay-gradient":""},"tablet":{"background-color":"","background-image":"","background-repeat":"repeat","background-position":"center center","background-size":"auto","background-attachment":"scroll","background-type":"","background-media":"","overlay-type":"","overlay-color":"","overlay-opacity":"","overlay-gradient":""},"mobile":{"background-color":"","background-image":"","background-repeat":"repeat","background-position":"center center","background-size":"auto","background-attachment":"scroll","background-type":"","background-media":"","overlay-type":"","overlay-color":"","overlay-opacity":"","overlay-gradient":""}},"ast-content-background-meta":{"desktop":{"background-color":"var(--ast-global-color-5)","background-image":"","background-repeat":"repeat","background-position":"center center","background-size":"auto","background-attachment":"scroll","background-type":"","background-media":"","overlay-type":"","overlay-color":"","overlay-opacity":"","overlay-gradient":""},"tablet":{"background-color":"var(--ast-global-color-5)","background-image":"","background-repeat":"repeat","background-position":"center center","background-size":"auto","background-attachment":"scroll","background-type":"","background-media":"","overlay-type":"","overlay-color":"","overlay-opacity":"","overlay-gradient":""},"mobile":{"background-color":"var(--ast-global-color-5)","background-image":"","background-repeat":"repeat","background-position":"center center","background-size":"auto","background-attachment":"scroll","background-type":"","background-media":"","overlay-type":"","overlay-color":"","overlay-opacity":"","overlay-gradient":""}},"ngg_post_thumbnail":0,"iawp_total_views":2721,"footnotes":""},"class_list":["post-611","page","type-page","status-publish","hentry"],"uagb_featured_image_src":{"full":false,"thumbnail":false,"medium":false,"medium_large":false,"large":false,"1536x1536":false,"2048x2048":false},"uagb_author_info":{"display_name":"admin","author_link":"https:\/\/pourvoirietawanipi.com\/fr\/author\/admin\/"},"uagb_comment_info":0,"uagb_excerpt":"H\u00e9bergement &#8211; Location La pourvoirie Tawanipi offre des h\u00e9bergements en chalet de 3 et 4 * ( classification de la FPQ )&nbsp;avec tout le confort. Nous offrons \u00e9galement \u00e0 la location une roulotte de 40\u2019 et une Fifth Wheel de 27\u2019. La roulotte est install\u00e9e du c\u00f4t\u00e9 des chalets. Elle peut accueillir de 2 \u00e0&hellip;","_links":{"self":[{"href":"https:\/\/pourvoirietawanipi.com\/fr\/wp-json\/wp\/v2\/pages\/611","targetHints":{"allow":["GET"]}}],"collection":[{"href":"https:\/\/pourvoirietawanipi.com\/fr\/wp-json\/wp\/v2\/pages"}],"about":[{"href":"https:\/\/pourvoirietawanipi.com\/fr\/wp-json\/wp\/v2\/types\/page"}],"author":[{"embeddable":true,"href":"https:\/\/pourvoirietawanipi.com\/fr\/wp-json\/wp\/v2\/users\/1"}],"replies":[{"embeddable":true,"href":"https:\/\/pourvoirietawanipi.com\/fr\/wp-json\/wp\/v2\/comments?post=611"}],"version-history":[{"count":5,"href":"https:\/\/pourvoirietawanipi.com\/fr\/wp-json\/wp\/v2\/pages\/611\/revisions"}],"predecessor-version":[{"id":3739,"href":"https:\/\/pourvoirietawanipi.com\/fr\/wp-json\/wp\/v2\/pages\/611\/revisions\/3739"}],"wp:attachment":[{"href":"https:\/\/pourvoirietawanipi.com\/fr\/wp-json\/wp\/v2\/media?parent=611"}],"curies":[{"name":"wp","href":"https:\/\/api.w.org\/{rel}","templated":true}]}}