{"id":613,"date":"2015-06-08T12:04:53","date_gmt":"2015-06-08T16:04:53","guid":{"rendered":"https:\/\/pourvoirietawanipi.com\/fr\/?page_id=613"},"modified":"2024-08-22T10:42:20","modified_gmt":"2024-08-22T14:42:20","slug":"chalet","status":"publish","type":"page","link":"https:\/\/pourvoirietawanipi.com\/fr\/chalet\/","title":{"rendered":"Chalets"},"content":{"rendered":"\n\n\n\n<div class=\"wp-block-uagb-container uagb-block-264f306c default uagb-is-root-container\">\n<h2 class=\"wp-block-heading has-black-color has-text-color\">Chalets<\/h2>\n<\/div>\n\n\n\n<div class=\"wp-block-uagb-container uagb-block-9cda999c default uagb-is-root-container\">\n<p>Nos chalets sont compl\u00e8tement \u00e9quip\u00e9s pour des groupes de 2 \u00e0 10 personnes.<br><br>La plupart des chalets se trouvent au bord de l&rsquo;eau et ont \u00e9t\u00e9 r\u00e9nov\u00e9s r\u00e9cemment. Tous les chalets sont \u00e9quip\u00e9s d\u2019une cuisine avec r\u00e9frig\u00e9rateur- cong\u00e9lateur, po\u00eale \u00e9lectrique, micro-ondes, cafeti\u00e8re, grille-pain, et vaisselle. Les chalets ont&nbsp; l\u2019\u00e9lectricit\u00e9, l\u2019eau potable, un po\u00eale \u00e0 bois, une douche et toilettes. Certains chalets poss\u00e8dent \u00e9galement une galerie ferm\u00e9e avec moustiquaire. \u00c9galement disponible avec chaque chalet, un BBQ propane, une table de pique-nique et un foyer ext\u00e9rieur.<\/p>\n\n\n\n<p>Suivant les chalets, il peut y avoir des lits simples, doubles ou Queen. Concernant la literie, seules les protections de matelas, couvertures, douillettes et oreillers sont pr\u00e9sents dans les chalets. Les draps (drap contour, drap plat et taies oreillers) ne sont pas fournis. Ils peuvent \u00eatre fournis moyennent un co\u00fbt de 15$ par ensemble pour la dur\u00e9e du s\u00e9jour. Sinon vous devez apporter vos draps ou sac de couchage car il n\u2019est pas permis de dormir directement sur les protections.<br><br>La pourvoirie Tawanipi est maintenant raccord\u00e9e \u00e0 la fibre Bell. Vous aurez acc\u00e8s au Wi-Fi gratuitement depuis votre chalet<br><br>Si vous le souhaitez, \u00e0 votre disposition un bloc sanitaire avec douche chaude &#8211; toilettes et lavabo.<\/p>\n\n\n\n<p>Les chiens sont accept\u00e9s dans les chalets moyennant un co\u00fbt forfaitaire de 20$ (+ taxes) par s\u00e9jour.&nbsp;<br><br>Pour la saison 2023 la p\u00e9riode d\u2019ouverture est du Jeudi 18 Mai au Dimanche 15 Octobre.<br><br><strong><u>L\u2019heure d\u2019arriv\u00e9e est \u00e0 partir de 14h et l\u2019heure de d\u00e9part est \u00e0 10h au plus tard<\/u><\/strong><br><br>&nbsp;Voici une carte montrant la disposition des chalets.<\/p>\n\n\n\n<figure class=\"wp-block-image size-large\"><img decoding=\"async\" width=\"600\" height=\"371\" data-src=\"https:\/\/pourvoirietawanipi.com\/fr\/wp-content\/uploads\/2015\/06\/CABINS-MAP-WEB-1.gif\" alt=\"\" class=\"wp-image-161 lazyload\" src=\"data:image\/svg+xml;base64,PHN2ZyB3aWR0aD0iMSIgaGVpZ2h0PSIxIiB4bWxucz0iaHR0cDovL3d3dy53My5vcmcvMjAwMC9zdmciPjwvc3ZnPg==\" style=\"--smush-placeholder-width: 600px; --smush-placeholder-aspect-ratio: 600\/371;\" \/><\/figure>\n<\/div>\n\n\n\n<div class=\"wp-block-uagb-container uagb-block-4660aeee default uagb-is-root-container\">\nngg_shortcode_0_placeholder\n<\/div>\n\n\n\n<div class=\"wp-block-uagb-container uagb-block-fa9746d8 default uagb-is-root-container\">\n<h2 class=\"wp-block-heading\">Vous pouvez consulter les tarifs&nbsp;<a href=\"https:\/\/pourvoirietawanipi.com\/fr\/tarifs#chalets\">ici<\/a><\/h2>\n<\/div>\n","protected":false},"excerpt":{"rendered":"<p>Chalets Nos chalets sont compl\u00e8tement \u00e9quip\u00e9s pour des groupes de 2 \u00e0 10 personnes. La plupart des chalets se trouvent au bord de l&rsquo;eau et ont \u00e9t\u00e9 r\u00e9nov\u00e9s r\u00e9cemment. Tous les chalets sont \u00e9quip\u00e9s d\u2019une cuisine avec r\u00e9frig\u00e9rateur- cong\u00e9lateur, po\u00eale \u00e9lectrique, micro-ondes, cafeti\u00e8re, grille-pain, et vaisselle. Les chalets ont&nbsp; l\u2019\u00e9lectricit\u00e9, l\u2019eau potable, un po\u00eale \u00e0 [&hellip;]<\/p>\n","protected":false},"author":1,"featured_media":0,"parent":0,"menu_order":0,"comment_status":"closed","ping_status":"closed","template":"","meta":{"_uag_custom_page_level_css":"","site-sidebar-layout":"default","site-content-layout":"default","ast-site-content-layout":"full-width-container","site-content-style":"default","site-sidebar-style":"default","ast-global-header-display":"","ast-banner-title-visibility":"","ast-main-header-display":"","ast-hfb-above-header-display":"","ast-hfb-below-header-display":"","ast-hfb-mobile-header-display":"","site-post-title":"disabled","ast-breadcrumbs-content":"","ast-featured-img":"","footer-sml-layout":"","ast-disable-related-posts":"","theme-transparent-header-meta":"default","adv-header-id-meta":"","stick-header-meta":"","header-above-stick-meta":"","header-main-stick-meta":"","header-below-stick-meta":"","astra-migrate-meta-layouts":"set","ast-page-background-enabled":"default","ast-page-background-meta":{"desktop":{"background-color":"","background-image":"","background-repeat":"repeat","background-position":"center center","background-size":"auto","background-attachment":"scroll","background-type":"","background-media":"","overlay-type":"","overlay-color":"","overlay-opacity":"","overlay-gradient":""},"tablet":{"background-color":"","background-image":"","background-repeat":"repeat","background-position":"center center","background-size":"auto","background-attachment":"scroll","background-type":"","background-media":"","overlay-type":"","overlay-color":"","overlay-opacity":"","overlay-gradient":""},"mobile":{"background-color":"","background-image":"","background-repeat":"repeat","background-position":"center center","background-size":"auto","background-attachment":"scroll","background-type":"","background-media":"","overlay-type":"","overlay-color":"","overlay-opacity":"","overlay-gradient":""}},"ast-content-background-meta":{"desktop":{"background-color":"var(--ast-global-color-5)","background-image":"","background-repeat":"repeat","background-position":"center center","background-size":"auto","background-attachment":"scroll","background-type":"","background-media":"","overlay-type":"","overlay-color":"","overlay-opacity":"","overlay-gradient":""},"tablet":{"background-color":"var(--ast-global-color-5)","background-image":"","background-repeat":"repeat","background-position":"center center","background-size":"auto","background-attachment":"scroll","background-type":"","background-media":"","overlay-type":"","overlay-color":"","overlay-opacity":"","overlay-gradient":""},"mobile":{"background-color":"var(--ast-global-color-5)","background-image":"","background-repeat":"repeat","background-position":"center center","background-size":"auto","background-attachment":"scroll","background-type":"","background-media":"","overlay-type":"","overlay-color":"","overlay-opacity":"","overlay-gradient":""}},"ngg_post_thumbnail":0,"iawp_total_views":19970,"footnotes":""},"class_list":["post-613","page","type-page","status-publish","hentry"],"uagb_featured_image_src":{"full":false,"thumbnail":false,"medium":false,"medium_large":false,"large":false,"1536x1536":false,"2048x2048":false},"uagb_author_info":{"display_name":"admin","author_link":"https:\/\/pourvoirietawanipi.com\/fr\/author\/admin\/"},"uagb_comment_info":0,"uagb_excerpt":"Chalets Nos chalets sont compl\u00e8tement \u00e9quip\u00e9s pour des groupes de 2 \u00e0 10 personnes. La plupart des chalets se trouvent au bord de l&rsquo;eau et ont \u00e9t\u00e9 r\u00e9nov\u00e9s r\u00e9cemment. Tous les chalets sont \u00e9quip\u00e9s d\u2019une cuisine avec r\u00e9frig\u00e9rateur- cong\u00e9lateur, po\u00eale \u00e9lectrique, micro-ondes, cafeti\u00e8re, grille-pain, et vaisselle. Les chalets ont&nbsp; l\u2019\u00e9lectricit\u00e9, l\u2019eau potable, un po\u00eale \u00e0&hellip;","_links":{"self":[{"href":"https:\/\/pourvoirietawanipi.com\/fr\/wp-json\/wp\/v2\/pages\/613","targetHints":{"allow":["GET"]}}],"collection":[{"href":"https:\/\/pourvoirietawanipi.com\/fr\/wp-json\/wp\/v2\/pages"}],"about":[{"href":"https:\/\/pourvoirietawanipi.com\/fr\/wp-json\/wp\/v2\/types\/page"}],"author":[{"embeddable":true,"href":"https:\/\/pourvoirietawanipi.com\/fr\/wp-json\/wp\/v2\/users\/1"}],"replies":[{"embeddable":true,"href":"https:\/\/pourvoirietawanipi.com\/fr\/wp-json\/wp\/v2\/comments?post=613"}],"version-history":[{"count":5,"href":"https:\/\/pourvoirietawanipi.com\/fr\/wp-json\/wp\/v2\/pages\/613\/revisions"}],"predecessor-version":[{"id":3715,"href":"https:\/\/pourvoirietawanipi.com\/fr\/wp-json\/wp\/v2\/pages\/613\/revisions\/3715"}],"wp:attachment":[{"href":"https:\/\/pourvoirietawanipi.com\/fr\/wp-json\/wp\/v2\/media?parent=613"}],"curies":[{"name":"wp","href":"https:\/\/api.w.org\/{rel}","templated":true}]}}