{"id":615,"date":"2015-06-08T12:05:12","date_gmt":"2015-06-08T16:05:12","guid":{"rendered":"https:\/\/pourvoirietawanipi.com\/fr\/?page_id=615"},"modified":"2024-08-29T18:57:36","modified_gmt":"2024-08-29T22:57:36","slug":"camping-2","status":"publish","type":"page","link":"https:\/\/pourvoirietawanipi.com\/fr\/camping-2\/","title":{"rendered":"Camping"},"content":{"rendered":"\n\n\n<div class=\"wp-block-uagb-container uagb-block-08dee924 default uagb-is-root-container\">\n<h2 class=\"wp-block-heading\" style=\"padding-top:var(--wp--preset--spacing--30);padding-right:var(--wp--preset--spacing--40);padding-bottom:var(--wp--preset--spacing--30);padding-left:var(--wp--preset--spacing--40)\">Camping<\/h2>\n<\/div>\n\n\n\n<div class=\"wp-block-uagb-container uagb-block-8f4d143d default uagb-is-root-container\">\n<p>Nous offrons des sites pour les campeurs saisonniers et des sites pour les voyageurs. Le camping offre des emplacements spacieux, ombrag\u00e9s, avec 2 ou 3 services (eau + \u00e9lectricit\u00e9 30amp + vidange). Les sites sont au bord de l&rsquo;eau et en for\u00eat, et poss\u00e8dent une table de pique-nique et un coin feu. Les blocs sanitaires avec douches, toilettes et lavabos sont \u00e0 votre disposition gratuitement. Un local avec laveuse et s\u00e9cheuse est \u00e9galement disponible ($).<br><br>La pourvoirie Tawanipi est maintenant raccord\u00e9e \u00e0 la fibre Bell. Vous aurez acc\u00e8s au Wi-Fi gratuitement depuis votre site de camping.<\/p>\n\n\n\n<p><strong>L&rsquo;heure d&rsquo;arriv\u00e9e est \u00e0 partir de 12h et l&rsquo;heure de d\u00e9part est \u00e0 12h au plus tard.<\/strong><\/p>\n<\/div>\n\n\n\n<div class=\"wp-block-uagb-container uagb-block-7a134326 default uagb-is-root-container\">\n<figure class=\"wp-block-gallery has-nested-images columns-default is-cropped wp-block-gallery-1 is-layout-flex wp-block-gallery-is-layout-flex\">\n<figure class=\"wp-block-image size-large\"><img decoding=\"async\" width=\"1024\" height=\"768\" data-id=\"2345\" data-src=\"https:\/\/pourvoirietawanipi.com\/fr\/wp-content\/uploads\/2017\/06\/Jeux-denfants-camping-Tawanipi-1024x768.jpg\" alt=\"\" class=\"wp-image-2345 lazyload\" data-srcset=\"https:\/\/pourvoirietawanipi.com\/fr\/wp-content\/uploads\/2017\/06\/Jeux-denfants-camping-Tawanipi-1024x768.jpg 1024w, https:\/\/pourvoirietawanipi.com\/fr\/wp-content\/uploads\/2017\/06\/Jeux-denfants-camping-Tawanipi-300x225.jpg 300w, https:\/\/pourvoirietawanipi.com\/fr\/wp-content\/uploads\/2017\/06\/Jeux-denfants-camping-Tawanipi-768x576.jpg 768w, https:\/\/pourvoirietawanipi.com\/fr\/wp-content\/uploads\/2017\/06\/Jeux-denfants-camping-Tawanipi-200x150.jpg 200w, https:\/\/pourvoirietawanipi.com\/fr\/wp-content\/uploads\/2017\/06\/Jeux-denfants-camping-Tawanipi-150x113.jpg 150w\" data-sizes=\"(max-width: 1024px) 100vw, 1024px\" src=\"data:image\/svg+xml;base64,PHN2ZyB3aWR0aD0iMSIgaGVpZ2h0PSIxIiB4bWxucz0iaHR0cDovL3d3dy53My5vcmcvMjAwMC9zdmciPjwvc3ZnPg==\" style=\"--smush-placeholder-width: 1024px; --smush-placeholder-aspect-ratio: 1024\/768;\" \/><\/figure>\n\n\n\n<figure class=\"wp-block-image size-large\"><img decoding=\"async\" width=\"1024\" height=\"768\" data-id=\"2343\" data-src=\"https:\/\/pourvoirietawanipi.com\/fr\/wp-content\/uploads\/2017\/06\/Camping-saisonnier-Tawanipi-1024x768.jpg\" alt=\"\" class=\"wp-image-2343 lazyload\" data-srcset=\"https:\/\/pourvoirietawanipi.com\/fr\/wp-content\/uploads\/2017\/06\/Camping-saisonnier-Tawanipi-1024x768.jpg 1024w, https:\/\/pourvoirietawanipi.com\/fr\/wp-content\/uploads\/2017\/06\/Camping-saisonnier-Tawanipi-300x225.jpg 300w, https:\/\/pourvoirietawanipi.com\/fr\/wp-content\/uploads\/2017\/06\/Camping-saisonnier-Tawanipi-768x576.jpg 768w, https:\/\/pourvoirietawanipi.com\/fr\/wp-content\/uploads\/2017\/06\/Camping-saisonnier-Tawanipi-200x150.jpg 200w, https:\/\/pourvoirietawanipi.com\/fr\/wp-content\/uploads\/2017\/06\/Camping-saisonnier-Tawanipi-150x113.jpg 150w\" data-sizes=\"(max-width: 1024px) 100vw, 1024px\" src=\"data:image\/svg+xml;base64,PHN2ZyB3aWR0aD0iMSIgaGVpZ2h0PSIxIiB4bWxucz0iaHR0cDovL3d3dy53My5vcmcvMjAwMC9zdmciPjwvc3ZnPg==\" style=\"--smush-placeholder-width: 1024px; --smush-placeholder-aspect-ratio: 1024\/768;\" \/><\/figure>\n\n\n\n<figure class=\"wp-block-image size-large\"><img decoding=\"async\" width=\"1024\" height=\"768\" data-id=\"456\" data-src=\"https:\/\/pourvoirietawanipi.com\/fr\/wp-content\/uploads\/2015\/06\/Photos-20.06.2011-016-1024x768.jpg\" alt=\"\" class=\"wp-image-456 lazyload\" data-srcset=\"https:\/\/pourvoirietawanipi.com\/fr\/wp-content\/uploads\/2015\/06\/Photos-20.06.2011-016-1024x768.jpg 1024w, https:\/\/pourvoirietawanipi.com\/fr\/wp-content\/uploads\/2015\/06\/Photos-20.06.2011-016-300x225.jpg 300w, https:\/\/pourvoirietawanipi.com\/fr\/wp-content\/uploads\/2015\/06\/Photos-20.06.2011-016-200x150.jpg 200w, https:\/\/pourvoirietawanipi.com\/fr\/wp-content\/uploads\/2015\/06\/Photos-20.06.2011-016-150x113.jpg 150w\" data-sizes=\"(max-width: 1024px) 100vw, 1024px\" src=\"data:image\/svg+xml;base64,PHN2ZyB3aWR0aD0iMSIgaGVpZ2h0PSIxIiB4bWxucz0iaHR0cDovL3d3dy53My5vcmcvMjAwMC9zdmciPjwvc3ZnPg==\" style=\"--smush-placeholder-width: 1024px; --smush-placeholder-aspect-ratio: 1024\/768;\" \/><\/figure>\n\n\n\n<figure class=\"wp-block-image size-large\"><img decoding=\"async\" width=\"1024\" height=\"768\" data-id=\"2344\" data-src=\"https:\/\/pourvoirietawanipi.com\/fr\/wp-content\/uploads\/2017\/06\/Camping-Tawanipi-Sanitaires-et-jeux-1024x768.jpg\" alt=\"\" class=\"wp-image-2344 lazyload\" data-srcset=\"https:\/\/pourvoirietawanipi.com\/fr\/wp-content\/uploads\/2017\/06\/Camping-Tawanipi-Sanitaires-et-jeux-1024x768.jpg 1024w, https:\/\/pourvoirietawanipi.com\/fr\/wp-content\/uploads\/2017\/06\/Camping-Tawanipi-Sanitaires-et-jeux-300x225.jpg 300w, https:\/\/pourvoirietawanipi.com\/fr\/wp-content\/uploads\/2017\/06\/Camping-Tawanipi-Sanitaires-et-jeux-768x576.jpg 768w, https:\/\/pourvoirietawanipi.com\/fr\/wp-content\/uploads\/2017\/06\/Camping-Tawanipi-Sanitaires-et-jeux-200x150.jpg 200w, https:\/\/pourvoirietawanipi.com\/fr\/wp-content\/uploads\/2017\/06\/Camping-Tawanipi-Sanitaires-et-jeux-150x113.jpg 150w\" data-sizes=\"(max-width: 1024px) 100vw, 1024px\" src=\"data:image\/svg+xml;base64,PHN2ZyB3aWR0aD0iMSIgaGVpZ2h0PSIxIiB4bWxucz0iaHR0cDovL3d3dy53My5vcmcvMjAwMC9zdmciPjwvc3ZnPg==\" style=\"--smush-placeholder-width: 1024px; --smush-placeholder-aspect-ratio: 1024\/768;\" \/><\/figure>\n\n\n\n<figure class=\"wp-block-image size-large\"><img decoding=\"async\" width=\"360\" height=\"270\" data-id=\"176\" data-src=\"https:\/\/pourvoirietawanipi.com\/fr\/wp-content\/uploads\/2015\/06\/camping-tents-1.gif\" alt=\"\" class=\"wp-image-176 lazyload\" src=\"data:image\/svg+xml;base64,PHN2ZyB3aWR0aD0iMSIgaGVpZ2h0PSIxIiB4bWxucz0iaHR0cDovL3d3dy53My5vcmcvMjAwMC9zdmciPjwvc3ZnPg==\" style=\"--smush-placeholder-width: 360px; --smush-placeholder-aspect-ratio: 360\/270;\" \/><\/figure>\n<\/figure>\n\n\n\n<div class=\"wp-block-columns is-layout-flex wp-container-core-columns-is-layout-28f84493 wp-block-columns-is-layout-flex\">\n<div class=\"wp-block-column is-layout-flow wp-block-column-is-layout-flow\">\n<p> <br><br><br>Pour d\u00e9couper vos poissons, une salle d&rsquo;\u00e9visc\u00e9ration est \u00e9galement \u00e0 votre disposition, avec \u00e9vier, comptoir et eau. <\/p>\n<\/div>\n\n\n\n<div class=\"wp-block-column is-layout-flow wp-block-column-is-layout-flow\">\n<figure class=\"wp-block-image size-large\"><img decoding=\"async\" width=\"1024\" height=\"768\" data-src=\"https:\/\/pourvoirietawanipi.com\/fr\/wp-content\/uploads\/2016\/04\/juin-2013-017-1024x768.jpg\" alt=\"\" class=\"wp-image-1289 lazyload\" data-srcset=\"https:\/\/pourvoirietawanipi.com\/fr\/wp-content\/uploads\/2016\/04\/juin-2013-017-1024x768.jpg 1024w, https:\/\/pourvoirietawanipi.com\/fr\/wp-content\/uploads\/2016\/04\/juin-2013-017-300x225.jpg 300w, https:\/\/pourvoirietawanipi.com\/fr\/wp-content\/uploads\/2016\/04\/juin-2013-017-768x576.jpg 768w, https:\/\/pourvoirietawanipi.com\/fr\/wp-content\/uploads\/2016\/04\/juin-2013-017-200x150.jpg 200w, https:\/\/pourvoirietawanipi.com\/fr\/wp-content\/uploads\/2016\/04\/juin-2013-017-150x113.jpg 150w\" data-sizes=\"(max-width: 1024px) 100vw, 1024px\" src=\"data:image\/svg+xml;base64,PHN2ZyB3aWR0aD0iMSIgaGVpZ2h0PSIxIiB4bWxucz0iaHR0cDovL3d3dy53My5vcmcvMjAwMC9zdmciPjwvc3ZnPg==\" style=\"--smush-placeholder-width: 1024px; --smush-placeholder-aspect-ratio: 1024\/768;\" \/><\/figure>\n<\/div>\n<\/div>\n<\/div>\n\n\n\n<div class=\"wp-block-uagb-container uagb-block-d78482c7 default uagb-is-root-container\">\n<p>Afin de pouvoir vous situer sur notre site, voici la carte des emplacements. Les emplacements pour la client\u00e8le de passage sont du n\u00b0 1 au 8, les autres sites sont occup\u00e9s par les campeurs saisonniers.<\/p>\n\n\n\n<figure class=\"wp-block-image size-large\"><img decoding=\"async\" width=\"800\" height=\"520\" data-src=\"https:\/\/pourvoirietawanipi.com\/fr\/wp-content\/uploads\/2024\/08\/Camping_Plan-2024-800x520.png\" alt=\"\" class=\"wp-image-3802 lazyload\" data-srcset=\"https:\/\/pourvoirietawanipi.com\/fr\/wp-content\/uploads\/2024\/08\/Camping_Plan-2024-800x520.png 800w, https:\/\/pourvoirietawanipi.com\/fr\/wp-content\/uploads\/2024\/08\/Camping_Plan-2024-300x195.png 300w, https:\/\/pourvoirietawanipi.com\/fr\/wp-content\/uploads\/2024\/08\/Camping_Plan-2024-768x500.png 768w, https:\/\/pourvoirietawanipi.com\/fr\/wp-content\/uploads\/2024\/08\/Camping_Plan-2024.png 1024w\" data-sizes=\"(max-width: 800px) 100vw, 800px\" src=\"data:image\/svg+xml;base64,PHN2ZyB3aWR0aD0iMSIgaGVpZ2h0PSIxIiB4bWxucz0iaHR0cDovL3d3dy53My5vcmcvMjAwMC9zdmciPjwvc3ZnPg==\" style=\"--smush-placeholder-width: 800px; --smush-placeholder-aspect-ratio: 800\/520;\" \/><\/figure>\n<\/div>\n\n\n\n<h2 class=\"wp-block-heading\"><strong>Vous pouvez consulter les tarifs&nbsp;<a href=\"https:\/\/pourvoirietawanipi.com\/fr\/tarifs#camping\">ici<\/a><\/strong><\/h2>\n","protected":false},"excerpt":{"rendered":"<p>Camping Nous offrons des sites pour les campeurs saisonniers et des sites pour les voyageurs. Le camping offre des emplacements spacieux, ombrag\u00e9s, avec 2 ou 3 services (eau + \u00e9lectricit\u00e9 30amp + vidange). Les sites sont au bord de l&rsquo;eau et en for\u00eat, et poss\u00e8dent une table de pique-nique et un coin feu. Les blocs [&hellip;]<\/p>\n","protected":false},"author":1,"featured_media":0,"parent":0,"menu_order":0,"comment_status":"closed","ping_status":"closed","template":"","meta":{"_uag_custom_page_level_css":"","site-sidebar-layout":"default","site-content-layout":"","ast-site-content-layout":"full-width-container","site-content-style":"default","site-sidebar-style":"default","ast-global-header-display":"","ast-banner-title-visibility":"","ast-main-header-display":"","ast-hfb-above-header-display":"","ast-hfb-below-header-display":"","ast-hfb-mobile-header-display":"","site-post-title":"disabled","ast-breadcrumbs-content":"","ast-featured-img":"","footer-sml-layout":"","ast-disable-related-posts":"","theme-transparent-header-meta":"","adv-header-id-meta":"","stick-header-meta":"","header-above-stick-meta":"","header-main-stick-meta":"","header-below-stick-meta":"","astra-migrate-meta-layouts":"set","ast-page-background-enabled":"default","ast-page-background-meta":{"desktop":{"background-color":"","background-image":"","background-repeat":"repeat","background-position":"center center","background-size":"auto","background-attachment":"scroll","background-type":"","background-media":"","overlay-type":"","overlay-color":"","overlay-opacity":"","overlay-gradient":""},"tablet":{"background-color":"","background-image":"","background-repeat":"repeat","background-position":"center center","background-size":"auto","background-attachment":"scroll","background-type":"","background-media":"","overlay-type":"","overlay-color":"","overlay-opacity":"","overlay-gradient":""},"mobile":{"background-color":"","background-image":"","background-repeat":"repeat","background-position":"center center","background-size":"auto","background-attachment":"scroll","background-type":"","background-media":"","overlay-type":"","overlay-color":"","overlay-opacity":"","overlay-gradient":""}},"ast-content-background-meta":{"desktop":{"background-color":"var(--ast-global-color-5)","background-image":"","background-repeat":"repeat","background-position":"center center","background-size":"auto","background-attachment":"scroll","background-type":"","background-media":"","overlay-type":"","overlay-color":"","overlay-opacity":"","overlay-gradient":""},"tablet":{"background-color":"var(--ast-global-color-5)","background-image":"","background-repeat":"repeat","background-position":"center center","background-size":"auto","background-attachment":"scroll","background-type":"","background-media":"","overlay-type":"","overlay-color":"","overlay-opacity":"","overlay-gradient":""},"mobile":{"background-color":"var(--ast-global-color-5)","background-image":"","background-repeat":"repeat","background-position":"center center","background-size":"auto","background-attachment":"scroll","background-type":"","background-media":"","overlay-type":"","overlay-color":"","overlay-opacity":"","overlay-gradient":""}},"ngg_post_thumbnail":0,"iawp_total_views":3721,"footnotes":""},"class_list":["post-615","page","type-page","status-publish","hentry"],"uagb_featured_image_src":{"full":false,"thumbnail":false,"medium":false,"medium_large":false,"large":false,"1536x1536":false,"2048x2048":false},"uagb_author_info":{"display_name":"admin","author_link":"https:\/\/pourvoirietawanipi.com\/fr\/author\/admin\/"},"uagb_comment_info":0,"uagb_excerpt":"Camping Nous offrons des sites pour les campeurs saisonniers et des sites pour les voyageurs. Le camping offre des emplacements spacieux, ombrag\u00e9s, avec 2 ou 3 services (eau + \u00e9lectricit\u00e9 30amp + vidange). Les sites sont au bord de l&rsquo;eau et en for\u00eat, et poss\u00e8dent une table de pique-nique et un coin feu. Les blocs&hellip;","_links":{"self":[{"href":"https:\/\/pourvoirietawanipi.com\/fr\/wp-json\/wp\/v2\/pages\/615","targetHints":{"allow":["GET"]}}],"collection":[{"href":"https:\/\/pourvoirietawanipi.com\/fr\/wp-json\/wp\/v2\/pages"}],"about":[{"href":"https:\/\/pourvoirietawanipi.com\/fr\/wp-json\/wp\/v2\/types\/page"}],"author":[{"embeddable":true,"href":"https:\/\/pourvoirietawanipi.com\/fr\/wp-json\/wp\/v2\/users\/1"}],"replies":[{"embeddable":true,"href":"https:\/\/pourvoirietawanipi.com\/fr\/wp-json\/wp\/v2\/comments?post=615"}],"version-history":[{"count":5,"href":"https:\/\/pourvoirietawanipi.com\/fr\/wp-json\/wp\/v2\/pages\/615\/revisions"}],"predecessor-version":[{"id":3805,"href":"https:\/\/pourvoirietawanipi.com\/fr\/wp-json\/wp\/v2\/pages\/615\/revisions\/3805"}],"wp:attachment":[{"href":"https:\/\/pourvoirietawanipi.com\/fr\/wp-json\/wp\/v2\/media?parent=615"}],"curies":[{"name":"wp","href":"https:\/\/api.w.org\/{rel}","templated":true}]}}