{"id":617,"date":"2015-06-08T12:08:46","date_gmt":"2015-06-08T16:08:46","guid":{"rendered":"https:\/\/pourvoirietawanipi.com\/fr\/?page_id=617"},"modified":"2024-08-28T10:32:52","modified_gmt":"2024-08-28T14:32:52","slug":"embarcations-marina","status":"publish","type":"page","link":"https:\/\/pourvoirietawanipi.com\/fr\/embarcations-marina\/","title":{"rendered":"Embarcations &#8211; Marina"},"content":{"rendered":"\n\n\n<div class=\"wp-block-uagb-container uagb-block-0f9b7f68 default uagb-is-root-container\">\n<h2 class=\"wp-block-heading\"><strong>Embarcations &#8211; Marina<\/strong><\/h2>\n<\/div>\n\n\n\n<div class=\"wp-block-uagb-container uagb-block-eae3ea4a default uagb-is-root-container\">\n<p style=\"margin-top:0;margin-right:0;margin-bottom:0;margin-left:0;padding-top:0;padding-right:0;padding-bottom:0;padding-left:0\">Nous vous proposons un service de location d&#8217;embarcation :\u00a0<\/p>\n\n\n\n<ul class=\"wp-block-list\">\n<li>chaloupe en fibre de verre de 14&prime; avec moteur 9.9hp ou 15 hp 4 tps<\/li>\n\n\n\n<li>chaloupe en fibre de verre de 16&prime; avec moteur 50hp 4tps \/ conduite au volant \/ vivier et sondeur<\/li>\n\n\n\n<li>ponton 24 pieds avec moteur 75 hp 4tps<\/li>\n\n\n\n<li>cano\u00eb 2 places \/  kayak 1 place \/ planche \u00e0 pagaies et p\u00e9dalo<\/li>\n<\/ul>\n<\/div>\n\n\n\n<div class=\"wp-block-uagb-container uagb-block-3745d255 default uagb-is-root-container\">\n<p>Nous vous offrons des places \u00e0 quai pour vos bateaux personnels et un service de mise \u00e0 l&rsquo;eau. Aussi propos\u00e9 pour votre confort:<br>* veste de flottaison, sondeur, articles de p\u00eache, vers, glace<br>* vente d&rsquo;essence, vente d\u2019autorisation de p\u00eache pour le Baskatong<\/p>\n<\/div>\n\n\n\n<div class=\"wp-block-uagb-container uagb-block-a2f91cfa default uagb-is-root-container\">\n<figure class=\"wp-block-gallery has-nested-images columns-default is-cropped wp-block-gallery-1 is-layout-flex wp-block-gallery-is-layout-flex\">\n<figure class=\"wp-block-image size-large\"><img decoding=\"async\" width=\"720\" height=\"540\" data-id=\"428\" data-src=\"https:\/\/pourvoirietawanipi.com\/fr\/wp-content\/uploads\/2015\/06\/marinajoselin2.gif\" alt=\"\" class=\"wp-image-428 lazyload\" src=\"data:image\/svg+xml;base64,PHN2ZyB3aWR0aD0iMSIgaGVpZ2h0PSIxIiB4bWxucz0iaHR0cDovL3d3dy53My5vcmcvMjAwMC9zdmciPjwvc3ZnPg==\" style=\"--smush-placeholder-width: 720px; --smush-placeholder-aspect-ratio: 720\/540;\" \/><\/figure>\n\n\n\n<figure class=\"wp-block-image size-large\"><img decoding=\"async\" width=\"1024\" height=\"768\" data-id=\"1152\" data-src=\"https:\/\/pourvoirietawanipi.com\/fr\/wp-content\/uploads\/2016\/04\/aout-2011-012-1024x768.jpg\" alt=\"\" class=\"wp-image-1152 lazyload\" data-srcset=\"https:\/\/pourvoirietawanipi.com\/fr\/wp-content\/uploads\/2016\/04\/aout-2011-012-1024x768.jpg 1024w, https:\/\/pourvoirietawanipi.com\/fr\/wp-content\/uploads\/2016\/04\/aout-2011-012-300x225.jpg 300w, https:\/\/pourvoirietawanipi.com\/fr\/wp-content\/uploads\/2016\/04\/aout-2011-012-768x576.jpg 768w, https:\/\/pourvoirietawanipi.com\/fr\/wp-content\/uploads\/2016\/04\/aout-2011-012-200x150.jpg 200w, https:\/\/pourvoirietawanipi.com\/fr\/wp-content\/uploads\/2016\/04\/aout-2011-012-150x113.jpg 150w\" data-sizes=\"(max-width: 1024px) 100vw, 1024px\" src=\"data:image\/svg+xml;base64,PHN2ZyB3aWR0aD0iMSIgaGVpZ2h0PSIxIiB4bWxucz0iaHR0cDovL3d3dy53My5vcmcvMjAwMC9zdmciPjwvc3ZnPg==\" style=\"--smush-placeholder-width: 1024px; --smush-placeholder-aspect-ratio: 1024\/768;\" \/><\/figure>\n\n\n\n<figure class=\"wp-block-image size-large\"><img decoding=\"async\" width=\"1024\" height=\"768\" data-id=\"2452\" data-src=\"https:\/\/pourvoirietawanipi.com\/fr\/wp-content\/uploads\/2020\/06\/Chaloupe-16-Tawanipi-002-1024x768.jpg\" alt=\"\" class=\"wp-image-2452 lazyload\" data-srcset=\"https:\/\/pourvoirietawanipi.com\/fr\/wp-content\/uploads\/2020\/06\/Chaloupe-16-Tawanipi-002-1024x768.jpg 1024w, https:\/\/pourvoirietawanipi.com\/fr\/wp-content\/uploads\/2020\/06\/Chaloupe-16-Tawanipi-002-300x225.jpg 300w, https:\/\/pourvoirietawanipi.com\/fr\/wp-content\/uploads\/2020\/06\/Chaloupe-16-Tawanipi-002-768x576.jpg 768w, https:\/\/pourvoirietawanipi.com\/fr\/wp-content\/uploads\/2020\/06\/Chaloupe-16-Tawanipi-002-1536x1152.jpg 1536w, https:\/\/pourvoirietawanipi.com\/fr\/wp-content\/uploads\/2020\/06\/Chaloupe-16-Tawanipi-002-2048x1536.jpg 2048w, https:\/\/pourvoirietawanipi.com\/fr\/wp-content\/uploads\/2020\/06\/Chaloupe-16-Tawanipi-002-200x150.jpg 200w, https:\/\/pourvoirietawanipi.com\/fr\/wp-content\/uploads\/2020\/06\/Chaloupe-16-Tawanipi-002-150x113.jpg 150w\" data-sizes=\"(max-width: 1024px) 100vw, 1024px\" src=\"data:image\/svg+xml;base64,PHN2ZyB3aWR0aD0iMSIgaGVpZ2h0PSIxIiB4bWxucz0iaHR0cDovL3d3dy53My5vcmcvMjAwMC9zdmciPjwvc3ZnPg==\" style=\"--smush-placeholder-width: 1024px; --smush-placeholder-aspect-ratio: 1024\/768;\" \/><\/figure>\n\n\n\n<figure class=\"wp-block-image size-large\"><img decoding=\"async\" width=\"1024\" height=\"575\" data-id=\"2454\" data-src=\"https:\/\/pourvoirietawanipi.com\/fr\/wp-content\/uploads\/2020\/06\/P\u00e9dalo-et-kayak-1024x575.jpg\" alt=\"\" class=\"wp-image-2454 lazyload\" data-srcset=\"https:\/\/pourvoirietawanipi.com\/fr\/wp-content\/uploads\/2020\/06\/P\u00e9dalo-et-kayak-1024x575.jpg 1024w, https:\/\/pourvoirietawanipi.com\/fr\/wp-content\/uploads\/2020\/06\/P\u00e9dalo-et-kayak-300x169.jpg 300w, https:\/\/pourvoirietawanipi.com\/fr\/wp-content\/uploads\/2020\/06\/P\u00e9dalo-et-kayak-768x431.jpg 768w, https:\/\/pourvoirietawanipi.com\/fr\/wp-content\/uploads\/2020\/06\/P\u00e9dalo-et-kayak-1536x863.jpg 1536w, https:\/\/pourvoirietawanipi.com\/fr\/wp-content\/uploads\/2020\/06\/P\u00e9dalo-et-kayak-2048x1150.jpg 2048w, https:\/\/pourvoirietawanipi.com\/fr\/wp-content\/uploads\/2020\/06\/P\u00e9dalo-et-kayak-250x140.jpg 250w, https:\/\/pourvoirietawanipi.com\/fr\/wp-content\/uploads\/2020\/06\/P\u00e9dalo-et-kayak-150x84.jpg 150w\" data-sizes=\"(max-width: 1024px) 100vw, 1024px\" src=\"data:image\/svg+xml;base64,PHN2ZyB3aWR0aD0iMSIgaGVpZ2h0PSIxIiB4bWxucz0iaHR0cDovL3d3dy53My5vcmcvMjAwMC9zdmciPjwvc3ZnPg==\" style=\"--smush-placeholder-width: 1024px; --smush-placeholder-aspect-ratio: 1024\/575;\" \/><\/figure>\n\n\n\n<figure class=\"wp-block-image size-large\"><img decoding=\"async\" width=\"1024\" height=\"575\" data-id=\"2456\" data-src=\"https:\/\/pourvoirietawanipi.com\/fr\/wp-content\/uploads\/2020\/06\/IMG_1490-1024x575.jpg\" alt=\"\" class=\"wp-image-2456 lazyload\" data-srcset=\"https:\/\/pourvoirietawanipi.com\/fr\/wp-content\/uploads\/2020\/06\/IMG_1490-1024x575.jpg 1024w, https:\/\/pourvoirietawanipi.com\/fr\/wp-content\/uploads\/2020\/06\/IMG_1490-300x168.jpg 300w, https:\/\/pourvoirietawanipi.com\/fr\/wp-content\/uploads\/2020\/06\/IMG_1490-768x431.jpg 768w, https:\/\/pourvoirietawanipi.com\/fr\/wp-content\/uploads\/2020\/06\/IMG_1490-1536x862.jpg 1536w, https:\/\/pourvoirietawanipi.com\/fr\/wp-content\/uploads\/2020\/06\/IMG_1490-2048x1149.jpg 2048w, https:\/\/pourvoirietawanipi.com\/fr\/wp-content\/uploads\/2020\/06\/IMG_1490-250x140.jpg 250w, https:\/\/pourvoirietawanipi.com\/fr\/wp-content\/uploads\/2020\/06\/IMG_1490-150x84.jpg 150w\" data-sizes=\"(max-width: 1024px) 100vw, 1024px\" src=\"data:image\/svg+xml;base64,PHN2ZyB3aWR0aD0iMSIgaGVpZ2h0PSIxIiB4bWxucz0iaHR0cDovL3d3dy53My5vcmcvMjAwMC9zdmciPjwvc3ZnPg==\" style=\"--smush-placeholder-width: 1024px; --smush-placeholder-aspect-ratio: 1024\/575;\" \/><\/figure>\n\n\n\n<figure class=\"wp-block-image size-large\"><img decoding=\"async\" width=\"1024\" height=\"576\" data-id=\"2356\" data-src=\"https:\/\/pourvoirietawanipi.com\/fr\/wp-content\/uploads\/2017\/06\/Ponton-\u00e0-louer-Tawanipi-Baskatong-1024x576.jpg\" alt=\"\" class=\"wp-image-2356 lazyload\" data-srcset=\"https:\/\/pourvoirietawanipi.com\/fr\/wp-content\/uploads\/2017\/06\/Ponton-\u00e0-louer-Tawanipi-Baskatong-1024x576.jpg 1024w, https:\/\/pourvoirietawanipi.com\/fr\/wp-content\/uploads\/2017\/06\/Ponton-\u00e0-louer-Tawanipi-Baskatong-300x169.jpg 300w, https:\/\/pourvoirietawanipi.com\/fr\/wp-content\/uploads\/2017\/06\/Ponton-\u00e0-louer-Tawanipi-Baskatong-768x432.jpg 768w, https:\/\/pourvoirietawanipi.com\/fr\/wp-content\/uploads\/2017\/06\/Ponton-\u00e0-louer-Tawanipi-Baskatong-250x141.jpg 250w, https:\/\/pourvoirietawanipi.com\/fr\/wp-content\/uploads\/2017\/06\/Ponton-\u00e0-louer-Tawanipi-Baskatong-150x84.jpg 150w\" data-sizes=\"(max-width: 1024px) 100vw, 1024px\" src=\"data:image\/svg+xml;base64,PHN2ZyB3aWR0aD0iMSIgaGVpZ2h0PSIxIiB4bWxucz0iaHR0cDovL3d3dy53My5vcmcvMjAwMC9zdmciPjwvc3ZnPg==\" style=\"--smush-placeholder-width: 1024px; --smush-placeholder-aspect-ratio: 1024\/576;\" \/><\/figure>\n<\/figure>\n<\/div>\n\n\n\n<div class=\"wp-block-uagb-container uagb-block-4c246b2b default uagb-is-root-container\">\n<h2 class=\"wp-block-heading\"><strong>Vous pouvez consulter les tarifs&nbsp;<a href=\"https:\/\/pourvoirietawanipi.com\/fr\/tarifs#embarcations\">ici<\/a><\/strong><\/h2>\n<\/div>\n","protected":false},"excerpt":{"rendered":"<p>Embarcations &#8211; Marina Nous vous proposons un service de location d&#8217;embarcation :\u00a0 Nous vous offrons des places \u00e0 quai pour vos bateaux personnels et un service de mise \u00e0 l&rsquo;eau. Aussi propos\u00e9 pour votre confort:* veste de flottaison, sondeur, articles de p\u00eache, vers, glace* vente d&rsquo;essence, vente d\u2019autorisation de p\u00eache pour le Baskatong Vous pouvez [&hellip;]<\/p>\n","protected":false},"author":1,"featured_media":0,"parent":0,"menu_order":0,"comment_status":"closed","ping_status":"closed","template":"","meta":{"_uag_custom_page_level_css":"","site-sidebar-layout":"default","site-content-layout":"","ast-site-content-layout":"full-width-container","site-content-style":"default","site-sidebar-style":"default","ast-global-header-display":"","ast-banner-title-visibility":"","ast-main-header-display":"","ast-hfb-above-header-display":"","ast-hfb-below-header-display":"","ast-hfb-mobile-header-display":"","site-post-title":"disabled","ast-breadcrumbs-content":"","ast-featured-img":"","footer-sml-layout":"","ast-disable-related-posts":"","theme-transparent-header-meta":"","adv-header-id-meta":"","stick-header-meta":"","header-above-stick-meta":"","header-main-stick-meta":"","header-below-stick-meta":"","astra-migrate-meta-layouts":"set","ast-page-background-enabled":"default","ast-page-background-meta":{"desktop":{"background-color":"","background-image":"","background-repeat":"repeat","background-position":"center center","background-size":"auto","background-attachment":"scroll","background-type":"","background-media":"","overlay-type":"","overlay-color":"","overlay-opacity":"","overlay-gradient":""},"tablet":{"background-color":"","background-image":"","background-repeat":"repeat","background-position":"center center","background-size":"auto","background-attachment":"scroll","background-type":"","background-media":"","overlay-type":"","overlay-color":"","overlay-opacity":"","overlay-gradient":""},"mobile":{"background-color":"","background-image":"","background-repeat":"repeat","background-position":"center center","background-size":"auto","background-attachment":"scroll","background-type":"","background-media":"","overlay-type":"","overlay-color":"","overlay-opacity":"","overlay-gradient":""}},"ast-content-background-meta":{"desktop":{"background-color":"var(--ast-global-color-5)","background-image":"","background-repeat":"repeat","background-position":"center center","background-size":"auto","background-attachment":"scroll","background-type":"","background-media":"","overlay-type":"","overlay-color":"","overlay-opacity":"","overlay-gradient":""},"tablet":{"background-color":"var(--ast-global-color-5)","background-image":"","background-repeat":"repeat","background-position":"center center","background-size":"auto","background-attachment":"scroll","background-type":"","background-media":"","overlay-type":"","overlay-color":"","overlay-opacity":"","overlay-gradient":""},"mobile":{"background-color":"var(--ast-global-color-5)","background-image":"","background-repeat":"repeat","background-position":"center center","background-size":"auto","background-attachment":"scroll","background-type":"","background-media":"","overlay-type":"","overlay-color":"","overlay-opacity":"","overlay-gradient":""}},"ngg_post_thumbnail":0,"iawp_total_views":1435,"footnotes":""},"class_list":["post-617","page","type-page","status-publish","hentry"],"uagb_featured_image_src":{"full":false,"thumbnail":false,"medium":false,"medium_large":false,"large":false,"1536x1536":false,"2048x2048":false},"uagb_author_info":{"display_name":"admin","author_link":"https:\/\/pourvoirietawanipi.com\/fr\/author\/admin\/"},"uagb_comment_info":0,"uagb_excerpt":"Embarcations &#8211; Marina Nous vous proposons un service de location d&#8217;embarcation :\u00a0 Nous vous offrons des places \u00e0 quai pour vos bateaux personnels et un service de mise \u00e0 l&rsquo;eau. Aussi propos\u00e9 pour votre confort:* veste de flottaison, sondeur, articles de p\u00eache, vers, glace* vente d&rsquo;essence, vente d\u2019autorisation de p\u00eache pour le Baskatong Vous pouvez&hellip;","_links":{"self":[{"href":"https:\/\/pourvoirietawanipi.com\/fr\/wp-json\/wp\/v2\/pages\/617","targetHints":{"allow":["GET"]}}],"collection":[{"href":"https:\/\/pourvoirietawanipi.com\/fr\/wp-json\/wp\/v2\/pages"}],"about":[{"href":"https:\/\/pourvoirietawanipi.com\/fr\/wp-json\/wp\/v2\/types\/page"}],"author":[{"embeddable":true,"href":"https:\/\/pourvoirietawanipi.com\/fr\/wp-json\/wp\/v2\/users\/1"}],"replies":[{"embeddable":true,"href":"https:\/\/pourvoirietawanipi.com\/fr\/wp-json\/wp\/v2\/comments?post=617"}],"version-history":[{"count":5,"href":"https:\/\/pourvoirietawanipi.com\/fr\/wp-json\/wp\/v2\/pages\/617\/revisions"}],"predecessor-version":[{"id":3795,"href":"https:\/\/pourvoirietawanipi.com\/fr\/wp-json\/wp\/v2\/pages\/617\/revisions\/3795"}],"wp:attachment":[{"href":"https:\/\/pourvoirietawanipi.com\/fr\/wp-json\/wp\/v2\/media?parent=617"}],"curies":[{"name":"wp","href":"https:\/\/api.w.org\/{rel}","templated":true}]}}