{"id":619,"date":"2015-06-08T12:09:41","date_gmt":"2015-06-08T16:09:41","guid":{"rendered":"https:\/\/pourvoirietawanipi.com\/fr\/?page_id=619"},"modified":"2024-08-23T11:57:50","modified_gmt":"2024-08-23T15:57:50","slug":"photos","status":"publish","type":"page","link":"https:\/\/pourvoirietawanipi.com\/fr\/photos\/","title":{"rendered":"Visite Virtuelle"},"content":{"rendered":"\n\n\n<div class=\"wp-block-uagb-container uagb-block-18ac7169 default uagb-is-root-container\">\n<h2 class=\"wp-block-heading\">Visite Virtuelle<\/h2>\n<\/div>\n\n\n\n<div class=\"wp-block-uagb-container uagb-block-978fc654 default uagb-is-root-container\">\n<p>D\u00e9couvrez notre pourvoirie et les environs avec la vid\u00e9o et quelques albums photos ci-dessous.  D&rsquo;autres photos sont visibles en cliquant sur H\u00e9bergement-Location et chalets &#8211; camping &#8211; embarcations <br>  <\/p>\n<\/div>\n\n\n\n<div class=\"wp-block-uagb-container uagb-block-f1879e3a default uagb-is-root-container\">\n<p><strong><span class=\"underline\" style=\"text-decoration: underline\">La Vid\u00e9o<\/span><\/strong>.<\/p>\n\n\n\n<figure class=\"wp-block-embed is-type-rich is-provider-prise-en-charge-des-contenus-incorpor-s wp-block-embed-prise-en-charge-des-contenus-incorpor-s wp-embed-aspect-16-9 wp-has-aspect-ratio\"><div class=\"wp-block-embed__wrapper\">\n<iframe title=\"Pourvoirie Tawanipi R\u00e9servoir Baskatong par drone\" width=\"500\" height=\"281\" data-src=\"https:\/\/www.youtube.com\/embed\/kMa1rTufkM0?feature=oembed\" frameborder=\"0\" allow=\"accelerometer; autoplay; clipboard-write; encrypted-media; gyroscope; picture-in-picture; web-share\" referrerpolicy=\"strict-origin-when-cross-origin\" allowfullscreen src=\"data:image\/svg+xml;base64,PHN2ZyB3aWR0aD0iMSIgaGVpZ2h0PSIxIiB4bWxucz0iaHR0cDovL3d3dy53My5vcmcvMjAwMC9zdmciPjwvc3ZnPg==\" class=\"lazyload\" data-load-mode=\"1\"><\/iframe>\n<\/div><\/figure>\n<\/div>\n\n\n\n<div class=\"wp-block-uagb-container uagb-block-b89d3141 default uagb-is-root-container\">\n<p><strong><span class=\"underline\" style=\"text-decoration: underline\">Les Albums Photos<\/span><\/strong>.<\/p>\n\n\n\n<div class=\"wp-block-columns is-layout-flex wp-container-core-columns-is-layout-28f84493 wp-block-columns-is-layout-flex\">\n<div class=\"wp-block-column is-layout-flow wp-block-column-is-layout-flow\">\n<figure class=\"wp-block-image size-full\"><a href=\"https:\/\/pourvoirietawanipi.com\/fr\/belles-peches\/\"><img decoding=\"async\" width=\"800\" height=\"600\" data-src=\"https:\/\/pourvoirietawanipi.com\/fr\/wp-content\/uploads\/2021\/11\/LR-10gimp.jpg\" alt=\"\" class=\"wp-image-3292 lazyload\" data-srcset=\"https:\/\/pourvoirietawanipi.com\/fr\/wp-content\/uploads\/2021\/11\/LR-10gimp.jpg 800w, https:\/\/pourvoirietawanipi.com\/fr\/wp-content\/uploads\/2021\/11\/LR-10gimp-300x225.jpg 300w, https:\/\/pourvoirietawanipi.com\/fr\/wp-content\/uploads\/2021\/11\/LR-10gimp-768x576.jpg 768w\" data-sizes=\"(max-width: 800px) 100vw, 800px\" src=\"data:image\/svg+xml;base64,PHN2ZyB3aWR0aD0iMSIgaGVpZ2h0PSIxIiB4bWxucz0iaHR0cDovL3d3dy53My5vcmcvMjAwMC9zdmciPjwvc3ZnPg==\" style=\"--smush-placeholder-width: 800px; --smush-placeholder-aspect-ratio: 800\/600;\" \/><\/a><figcaption class=\"wp-element-caption\"><a href=\"https:\/\/pourvoirietawanipi.com\/fr\/belles-peches\/\" data-type=\"page\" data-id=\"2666\">Belles p\u00eaches<\/a><\/figcaption><\/figure>\n<\/div>\n\n\n\n<div class=\"wp-block-column is-layout-flow wp-block-column-is-layout-flow\">\n<figure class=\"wp-block-image size-full\"><a href=\"https:\/\/pourvoirietawanipi.com\/fr\/photos-paysage\/\"><img decoding=\"async\" width=\"800\" height=\"600\" data-src=\"https:\/\/pourvoirietawanipi.com\/fr\/wp-content\/uploads\/2021\/11\/LR-16gimp.jpg\" alt=\"\" class=\"wp-image-3293 lazyload\" data-srcset=\"https:\/\/pourvoirietawanipi.com\/fr\/wp-content\/uploads\/2021\/11\/LR-16gimp.jpg 800w, https:\/\/pourvoirietawanipi.com\/fr\/wp-content\/uploads\/2021\/11\/LR-16gimp-300x225.jpg 300w, https:\/\/pourvoirietawanipi.com\/fr\/wp-content\/uploads\/2021\/11\/LR-16gimp-768x576.jpg 768w\" data-sizes=\"(max-width: 800px) 100vw, 800px\" src=\"data:image\/svg+xml;base64,PHN2ZyB3aWR0aD0iMSIgaGVpZ2h0PSIxIiB4bWxucz0iaHR0cDovL3d3dy53My5vcmcvMjAwMC9zdmciPjwvc3ZnPg==\" style=\"--smush-placeholder-width: 800px; --smush-placeholder-aspect-ratio: 800\/600;\" \/><\/a><figcaption class=\"wp-element-caption\"><a href=\"https:\/\/pourvoirietawanipi.com\/fr\/photos-paysage\/\" data-type=\"page\" data-id=\"2626\">Photos Paysage<\/a><\/figcaption><\/figure>\n<\/div>\n\n\n\n<div class=\"wp-block-column is-layout-flow wp-block-column-is-layout-flow\">\n<figure class=\"wp-block-image size-full\"><a href=\"https:\/\/pourvoirietawanipi.com\/fr\/la-pourvoirie\/\"><img decoding=\"async\" width=\"800\" height=\"600\" data-src=\"https:\/\/pourvoirietawanipi.com\/fr\/wp-content\/uploads\/2021\/11\/LR-8-gimp.jpg\" alt=\"\" class=\"wp-image-3294 lazyload\" data-srcset=\"https:\/\/pourvoirietawanipi.com\/fr\/wp-content\/uploads\/2021\/11\/LR-8-gimp.jpg 800w, https:\/\/pourvoirietawanipi.com\/fr\/wp-content\/uploads\/2021\/11\/LR-8-gimp-300x225.jpg 300w, https:\/\/pourvoirietawanipi.com\/fr\/wp-content\/uploads\/2021\/11\/LR-8-gimp-768x576.jpg 768w\" data-sizes=\"(max-width: 800px) 100vw, 800px\" src=\"data:image\/svg+xml;base64,PHN2ZyB3aWR0aD0iMSIgaGVpZ2h0PSIxIiB4bWxucz0iaHR0cDovL3d3dy53My5vcmcvMjAwMC9zdmciPjwvc3ZnPg==\" style=\"--smush-placeholder-width: 800px; --smush-placeholder-aspect-ratio: 800\/600;\" \/><\/a><figcaption class=\"wp-element-caption\"><a href=\"https:\/\/pourvoirietawanipi.com\/fr\/la-pourvoirie\/\" data-type=\"page\" data-id=\"2647\">La pourvoirie<\/a><\/figcaption><\/figure>\n<\/div>\n\n\n\n<div class=\"wp-block-column is-layout-flow wp-block-column-is-layout-flow\">\n<figure class=\"wp-block-image size-full\"><a href=\"https:\/\/pourvoirietawanipi.com\/fr\/photos-de-nuit\/\"><img decoding=\"async\" width=\"800\" height=\"600\" data-src=\"https:\/\/pourvoirietawanipi.com\/fr\/wp-content\/uploads\/2021\/11\/TawanipiNuit-1-gimp.jpg\" alt=\"\" class=\"wp-image-3295 lazyload\" data-srcset=\"https:\/\/pourvoirietawanipi.com\/fr\/wp-content\/uploads\/2021\/11\/TawanipiNuit-1-gimp.jpg 800w, https:\/\/pourvoirietawanipi.com\/fr\/wp-content\/uploads\/2021\/11\/TawanipiNuit-1-gimp-300x225.jpg 300w, https:\/\/pourvoirietawanipi.com\/fr\/wp-content\/uploads\/2021\/11\/TawanipiNuit-1-gimp-768x576.jpg 768w\" data-sizes=\"(max-width: 800px) 100vw, 800px\" src=\"data:image\/svg+xml;base64,PHN2ZyB3aWR0aD0iMSIgaGVpZ2h0PSIxIiB4bWxucz0iaHR0cDovL3d3dy53My5vcmcvMjAwMC9zdmciPjwvc3ZnPg==\" style=\"--smush-placeholder-width: 800px; --smush-placeholder-aspect-ratio: 800\/600;\" \/><\/a><figcaption class=\"wp-element-caption\"><a href=\"https:\/\/pourvoirietawanipi.com\/fr\/photos-de-nuit\/\" data-type=\"page\" data-id=\"2694\">Photos de Nuit<\/a><\/figcaption><\/figure>\n<\/div>\n<\/div>\n<\/div>\n\n\n\n<div class=\"wp-block-uagb-container uagb-block-ffc283cc default uagb-is-root-container\">\n<p><strong><span class=\"underline\" style=\"text-decoration: underline\">En savoir plus sur le Baskatong en suivant le lien Wikip\u00e9dia<\/span><\/strong>.<\/p>\n\n\n\n<p>La pourvoirie est situ\u00e9 sur le R\u00e9servoir Baskatong qui est plan d&rsquo;eau de  400&nbsp;km<sup>2<\/sup>.   Vous pouvez voir plus d&rsquo;informations sur le R\u00e9servoir Baskatong<a rel=\"noreferrer noopener\" href=\"https:\/\/fr.wikipedia.org\/wiki\/R%C3%A9servoir_Baskatong\" target=\"_blank\"> en cliquant ici<\/a>.<\/p>\n<\/div>\n","protected":false},"excerpt":{"rendered":"<p>Visite Virtuelle D\u00e9couvrez notre pourvoirie et les environs avec la vid\u00e9o et quelques albums photos ci-dessous. D&rsquo;autres photos sont visibles en cliquant sur H\u00e9bergement-Location et chalets &#8211; camping &#8211; embarcations La Vid\u00e9o. Les Albums Photos. En savoir plus sur le Baskatong en suivant le lien Wikip\u00e9dia. La pourvoirie est situ\u00e9 sur le R\u00e9servoir Baskatong qui [&hellip;]<\/p>\n","protected":false},"author":1,"featured_media":0,"parent":0,"menu_order":0,"comment_status":"closed","ping_status":"closed","template":"","meta":{"_uag_custom_page_level_css":"","site-sidebar-layout":"default","site-content-layout":"default","ast-site-content-layout":"full-width-container","site-content-style":"default","site-sidebar-style":"default","ast-global-header-display":"","ast-banner-title-visibility":"","ast-main-header-display":"","ast-hfb-above-header-display":"","ast-hfb-below-header-display":"","ast-hfb-mobile-header-display":"","site-post-title":"disabled","ast-breadcrumbs-content":"","ast-featured-img":"","footer-sml-layout":"","ast-disable-related-posts":"","theme-transparent-header-meta":"default","adv-header-id-meta":"","stick-header-meta":"","header-above-stick-meta":"","header-main-stick-meta":"","header-below-stick-meta":"","astra-migrate-meta-layouts":"set","ast-page-background-enabled":"default","ast-page-background-meta":{"desktop":{"background-color":"","background-image":"","background-repeat":"repeat","background-position":"center center","background-size":"auto","background-attachment":"scroll","background-type":"","background-media":"","overlay-type":"","overlay-color":"","overlay-opacity":"","overlay-gradient":""},"tablet":{"background-color":"","background-image":"","background-repeat":"repeat","background-position":"center center","background-size":"auto","background-attachment":"scroll","background-type":"","background-media":"","overlay-type":"","overlay-color":"","overlay-opacity":"","overlay-gradient":""},"mobile":{"background-color":"","background-image":"","background-repeat":"repeat","background-position":"center center","background-size":"auto","background-attachment":"scroll","background-type":"","background-media":"","overlay-type":"","overlay-color":"","overlay-opacity":"","overlay-gradient":""}},"ast-content-background-meta":{"desktop":{"background-color":"var(--ast-global-color-5)","background-image":"","background-repeat":"repeat","background-position":"center center","background-size":"auto","background-attachment":"scroll","background-type":"","background-media":"","overlay-type":"","overlay-color":"","overlay-opacity":"","overlay-gradient":""},"tablet":{"background-color":"var(--ast-global-color-5)","background-image":"","background-repeat":"repeat","background-position":"center center","background-size":"auto","background-attachment":"scroll","background-type":"","background-media":"","overlay-type":"","overlay-color":"","overlay-opacity":"","overlay-gradient":""},"mobile":{"background-color":"var(--ast-global-color-5)","background-image":"","background-repeat":"repeat","background-position":"center center","background-size":"auto","background-attachment":"scroll","background-type":"","background-media":"","overlay-type":"","overlay-color":"","overlay-opacity":"","overlay-gradient":""}},"ngg_post_thumbnail":0,"iawp_total_views":2549,"footnotes":""},"class_list":["post-619","page","type-page","status-publish","hentry"],"uagb_featured_image_src":{"full":false,"thumbnail":false,"medium":false,"medium_large":false,"large":false,"1536x1536":false,"2048x2048":false},"uagb_author_info":{"display_name":"admin","author_link":"https:\/\/pourvoirietawanipi.com\/fr\/author\/admin\/"},"uagb_comment_info":0,"uagb_excerpt":"Visite Virtuelle D\u00e9couvrez notre pourvoirie et les environs avec la vid\u00e9o et quelques albums photos ci-dessous. D&rsquo;autres photos sont visibles en cliquant sur H\u00e9bergement-Location et chalets &#8211; camping &#8211; embarcations La Vid\u00e9o. Les Albums Photos. En savoir plus sur le Baskatong en suivant le lien Wikip\u00e9dia. La pourvoirie est situ\u00e9 sur le R\u00e9servoir Baskatong qui&hellip;","_links":{"self":[{"href":"https:\/\/pourvoirietawanipi.com\/fr\/wp-json\/wp\/v2\/pages\/619","targetHints":{"allow":["GET"]}}],"collection":[{"href":"https:\/\/pourvoirietawanipi.com\/fr\/wp-json\/wp\/v2\/pages"}],"about":[{"href":"https:\/\/pourvoirietawanipi.com\/fr\/wp-json\/wp\/v2\/types\/page"}],"author":[{"embeddable":true,"href":"https:\/\/pourvoirietawanipi.com\/fr\/wp-json\/wp\/v2\/users\/1"}],"replies":[{"embeddable":true,"href":"https:\/\/pourvoirietawanipi.com\/fr\/wp-json\/wp\/v2\/comments?post=619"}],"version-history":[{"count":5,"href":"https:\/\/pourvoirietawanipi.com\/fr\/wp-json\/wp\/v2\/pages\/619\/revisions"}],"predecessor-version":[{"id":3840,"href":"https:\/\/pourvoirietawanipi.com\/fr\/wp-json\/wp\/v2\/pages\/619\/revisions\/3840"}],"wp:attachment":[{"href":"https:\/\/pourvoirietawanipi.com\/fr\/wp-json\/wp\/v2\/media?parent=619"}],"curies":[{"name":"wp","href":"https:\/\/api.w.org\/{rel}","templated":true}]}}